{"id":90,"date":"2020-01-19T14:10:22","date_gmt":"2020-01-19T14:10:22","guid":{"rendered":"http:\/\/wal-wueste-berg.de\/?page_id=90"},"modified":"2020-01-19T15:00:50","modified_gmt":"2020-01-19T15:00:50","slug":"datenschutz","status":"publish","type":"page","link":"https:\/\/wal-wueste-berg.de\/?page_id=90","title":{"rendered":"Datenschutz"},"content":{"rendered":"\n<h2 class=\"wp-block-heading\">Datenschutzerkl\u00e4rung <\/h2>\n\n\n\n<p>Der Schutz deiner pers\u00f6nlichen Daten ist uns ein besonderes Anliegen. Wir verarbeiten deine Daten daher ausschlie\u00dflich auf Grundlage der gesetzlichen Bestimmungen (DSGVO, TMG). In diesen Datenschutzinformationen informieren wir dich \u00fcber die wichtigsten Aspekte der Datenverarbeitung bei der Benutzung unserer Website.<\/p>\n\n\n\n<h3 class=\"wp-block-heading\">Deine Rechte<\/h3>\n\n\n\n<p>Dir stehen grunds\u00e4tzlich die Rechte auf Auskunft, Berichtigung, L\u00f6schung, Einschr\u00e4nkung, Daten\u00fcbertragbarkeit, Widerruf und Widerspruch zu. Wenn du glaubst, dass die Verarbeitung&nbsp;deiner Daten gegen das Datenschutzrecht verst\u00f6\u00dft oder deine datenschutzrechtlichen Anspr\u00fcche sonst in einer Weise verletzt worden sind, kannst du dich bei der Aufsichtsbeh\u00f6rde beschweren. In Sachsen ist dies der <a rel=\"noreferrer noopener\" href=\"https:\/\/www.saechsdsb.de\/\" target=\"_blank\">Landes-Datenschutzbeauftragte<\/a>.<\/p>\n\n\n\n<h3 class=\"wp-block-heading\">Pers\u00f6nliche Daten<\/h3>\n\n\n\n<p>Wenn du per E-Mail Kontakt mit uns aufnimmst, werden deine angegebenen Daten zwecks Bearbeitung der Anfrage und f\u00fcr den Fall von Anschlussfragen sechs Monate bei uns gespeichert. Deine personenbezogenen Daten werden gel\u00f6scht oder gesperrt, sobald der Zweck der Speicherung entf\u00e4llt. Eine l\u00e4ngere Speicherung kann dann erfolgen, wenn der L\u00f6schung eine gesetzliche Aufbewahrungsfrist entgegensteht. Eine Weitergabe an Dritte erfolgt nicht.<\/p>\n\n\n\n<h3 class=\"wp-block-heading\">Verantwortlichkeit<\/h3>\n\n\n\n<p>Verantwortlich f\u00fcr die Erhebung, Verarbeitung und Nutzung deiner personenbezogenen Daten im Sinne der DSGVO ist:<br><br>PRO Wal- und W\u00fcsteberg e.V.<br><br>vertreten durch den Vereinsvorstand nach \u00a726 BGB<\/p>\n\n\n\n<p>Sofern du der Erhebung, Verarbeitung oder Nutzung deiner Daten durch uns insgesamt oder f\u00fcr einzelne Ma\u00dfnahmen widersprechen willst, kannst du den Widerspruch an die genannte verantwortliche Stelle richten.<\/p>\n\n\n\n<h3 class=\"wp-block-heading\">Verwendung von Cookies<\/h3>\n\n\n\n<p>Es gibt eine Technik, genannt &#8222;Cookies&#8220;, mit deren Hilfe Informationen aus  einer Website an deine Bed\u00fcrfnisse angepasst werden k\u00f6nnen. Ein Cookie ist ein Datenelement, das eine Website an deinen Browser schicken kann, um es dort auf deinem System zu speichern.<\/p>\n\n\n\n<p>Gelegentlich nutzen auch wir tempor\u00e4re Cookies, damit wir dich effektiver unterst\u00fctzen k\u00f6nnen. Du hast jedoch die M\u00f6glichkeit, deinen Browser so einzustellen, dass&nbsp;er dich davon in Kenntnis setzt, wenn du ein Cookie erh\u00e4lst. Dann kannst du selbst entscheiden, ob du das akzeptieren willst oder nicht.<\/p>\n\n\n\n<p>Mozilla, Firefox: <em>-&gt;Einstellungen -&gt;Datenschutz &amp; Sicherheit -&gt;Cookies &amp; Websitedaten<\/em><br> Explorer: <em>-&gt;Internetoptionen -&gt;Datenschutz -&gt;Erweitert<\/em><br> Chrome: <em>-&gt;Einstellungen -&gt;Erweitert -&gt;Sicherheit &amp; Datenschutz -&gt;Inhaltseinstellungen -&gt;Cookies<\/em><\/p>\n\n\n\n<h3 class=\"wp-block-heading\">Links zu anderen Web Sites<\/h3>\n\n\n\n<p>Unser Angebot enth\u00e4lt Links zu externen Webseiten Dritter, auf deren Inhalte wir keinen Einfluss haben. Deshalb k\u00f6nnen wir f\u00fcr diese fremden Inhalte auch keine Gew\u00e4hr \u00fcbernehmen. F\u00fcr die Inhalte der verlinkten Seiten ist stets der jeweilige Anbieter oder Betreiber der Seiten verantwortlich. Die verlinkten Seiten wurden zum Zeitpunkt der Verlinkung auf m\u00f6gliche Rechtsverst\u00f6\u00dfe \u00fcberpr\u00fcft. Rechtswidrige Inhalte waren zum Zeitpunkt der Verlinkung nicht erkennbar. Eine permanente inhaltliche Kontrolle der verlinkten Seiten ist jedoch ohne konkrete Anhaltspunkte einer Rechtsverletzung nicht zumutbar. Bei bekannt werden von Rechtsverletzungen werden wir derartige Links umgehend entfernen.<\/p>\n","protected":false},"excerpt":{"rendered":"<p>Datenschutzerkl\u00e4rung Der Schutz deiner pers\u00f6nlichen Daten ist uns ein besonderes Anliegen. Wir verarbeiten deine Daten daher ausschlie\u00dflich auf Grundlage der gesetzlichen Bestimmungen (DSGVO, TMG). In diesen Datenschutzinformationen informieren wir dich \u00fcber die wichtigsten Aspekte der Datenverarbeitung bei der Benutzung unserer Website. Deine Rechte Dir stehen grunds\u00e4tzlich die Rechte auf Auskunft, Berichtigung, L\u00f6schung, Einschr\u00e4nkung, Daten\u00fcbertragbarkeit, Widerruf&#8230;<\/p>\n","protected":false},"author":1,"featured_media":0,"parent":0,"menu_order":0,"comment_status":"closed","ping_status":"closed","template":"","meta":{"footnotes":""},"class_list":["post-90","page","type-page","status-publish","hentry"],"_links":{"self":[{"href":"https:\/\/wal-wueste-berg.de\/index.php?rest_route=\/wp\/v2\/pages\/90","targetHints":{"allow":["GET"]}}],"collection":[{"href":"https:\/\/wal-wueste-berg.de\/index.php?rest_route=\/wp\/v2\/pages"}],"about":[{"href":"https:\/\/wal-wueste-berg.de\/index.php?rest_route=\/wp\/v2\/types\/page"}],"author":[{"embeddable":true,"href":"https:\/\/wal-wueste-berg.de\/index.php?rest_route=\/wp\/v2\/users\/1"}],"replies":[{"embeddable":true,"href":"https:\/\/wal-wueste-berg.de\/index.php?rest_route=%2Fwp%2Fv2%2Fcomments&post=90"}],"version-history":[{"count":3,"href":"https:\/\/wal-wueste-berg.de\/index.php?rest_route=\/wp\/v2\/pages\/90\/revisions"}],"predecessor-version":[{"id":97,"href":"https:\/\/wal-wueste-berg.de\/index.php?rest_route=\/wp\/v2\/pages\/90\/revisions\/97"}],"wp:attachment":[{"href":"https:\/\/wal-wueste-berg.de\/index.php?rest_route=%2Fwp%2Fv2%2Fmedia&parent=90"}],"curies":[{"name":"wp","href":"https:\/\/api.w.org\/{rel}","templated":true}]}}