{"id":633,"date":"2026-05-04T07:03:58","date_gmt":"2026-05-04T07:03:58","guid":{"rendered":"https:\/\/wal-wueste-berg.de\/?page_id=633"},"modified":"2026-05-04T07:03:58","modified_gmt":"2026-05-04T07:03:58","slug":"pflanzenverkauf-2026","status":"publish","type":"page","link":"https:\/\/wal-wueste-berg.de\/?page_id=633","title":{"rendered":"Pflanzenverkauf 2026"},"content":{"rendered":"\n<p>Am Dienstag, dem 05. Mai 2026 ab 14:00 Uhr werden Bl\u00fchpflanzen f\u00fcr Balkon und Garten sowie verschiedene Gem\u00fcsepflanzen und Kr\u00e4uter verkauft.<\/p>\n\n\n\n<p>F\u00fcr das leibliche Wohl ist mit Kaffee und Kuchen gesorgt.<\/p>\n\n\n\n<figure class=\"wp-block-image size-large\"><img loading=\"lazy\" decoding=\"async\" width=\"830\" height=\"1024\" src=\"https:\/\/wal-wueste-berg.de\/wp-content\/uploads\/2026\/05\/20260505_Pflanzenverkauf-830x1024.jpg\" alt=\"\" class=\"wp-image-634\" srcset=\"https:\/\/wal-wueste-berg.de\/wp-content\/uploads\/2026\/05\/20260505_Pflanzenverkauf-830x1024.jpg 830w, https:\/\/wal-wueste-berg.de\/wp-content\/uploads\/2026\/05\/20260505_Pflanzenverkauf-243x300.jpg 243w, https:\/\/wal-wueste-berg.de\/wp-content\/uploads\/2026\/05\/20260505_Pflanzenverkauf-768x947.jpg 768w, https:\/\/wal-wueste-berg.de\/wp-content\/uploads\/2026\/05\/20260505_Pflanzenverkauf-300x370.jpg 300w, https:\/\/wal-wueste-berg.de\/wp-content\/uploads\/2026\/05\/20260505_Pflanzenverkauf-850x1048.jpg 850w, https:\/\/wal-wueste-berg.de\/wp-content\/uploads\/2026\/05\/20260505_Pflanzenverkauf.jpg 1080w\" sizes=\"auto, (max-width: 830px) 100vw, 830px\" \/><\/figure>\n","protected":false},"excerpt":{"rendered":"<p>Am Dienstag, dem 05. Mai 2026 ab 14:00 Uhr werden Bl\u00fchpflanzen f\u00fcr Balkon und Garten sowie verschiedene Gem\u00fcsepflanzen und Kr\u00e4uter verkauft. F\u00fcr das leibliche Wohl ist mit Kaffee und Kuchen gesorgt.<\/p>\n","protected":false},"author":1,"featured_media":0,"parent":30,"menu_order":0,"comment_status":"closed","ping_status":"closed","template":"","meta":{"footnotes":""},"class_list":["post-633","page","type-page","status-publish","hentry"],"_links":{"self":[{"href":"https:\/\/wal-wueste-berg.de\/index.php?rest_route=\/wp\/v2\/pages\/633","targetHints":{"allow":["GET"]}}],"collection":[{"href":"https:\/\/wal-wueste-berg.de\/index.php?rest_route=\/wp\/v2\/pages"}],"about":[{"href":"https:\/\/wal-wueste-berg.de\/index.php?rest_route=\/wp\/v2\/types\/page"}],"author":[{"embeddable":true,"href":"https:\/\/wal-wueste-berg.de\/index.php?rest_route=\/wp\/v2\/users\/1"}],"replies":[{"embeddable":true,"href":"https:\/\/wal-wueste-berg.de\/index.php?rest_route=%2Fwp%2Fv2%2Fcomments&post=633"}],"version-history":[{"count":1,"href":"https:\/\/wal-wueste-berg.de\/index.php?rest_route=\/wp\/v2\/pages\/633\/revisions"}],"predecessor-version":[{"id":635,"href":"https:\/\/wal-wueste-berg.de\/index.php?rest_route=\/wp\/v2\/pages\/633\/revisions\/635"}],"up":[{"embeddable":true,"href":"https:\/\/wal-wueste-berg.de\/index.php?rest_route=\/wp\/v2\/pages\/30"}],"wp:attachment":[{"href":"https:\/\/wal-wueste-berg.de\/index.php?rest_route=%2Fwp%2Fv2%2Fmedia&parent=633"}],"curies":[{"name":"wp","href":"https:\/\/api.w.org\/{rel}","templated":true}]}}