{"id":622,"date":"2026-04-18T08:41:11","date_gmt":"2026-04-18T08:41:11","guid":{"rendered":"https:\/\/wal-wueste-berg.de\/?page_id=622"},"modified":"2026-04-18T08:43:27","modified_gmt":"2026-04-18T08:43:27","slug":"wir-gehen-pilgern","status":"publish","type":"page","link":"https:\/\/wal-wueste-berg.de\/?page_id=622","title":{"rendered":"Wir gehen pilgern"},"content":{"rendered":"\n<p>Wir gehen pilgern &#8211; Magst du mitkommen?<\/p>\n\n\n\n<p>von Freitag 24. April 2026 bis Sonntag 26. April 2026 von Bautzen bis nach Schwosdorf<\/p>\n\n\n\n<p>Start Freitag 24. April 2026 14:30 Uhr ab Kamenz, bis nach Bautzen mit dem Bus (Kosten ca. 10 Euro)<\/p>\n\n\n\n<p>5 km bis zur 1. \u00dcbernachtung bei Familie Mitscherling mit Abendbrot und Fr\u00fchst\u00fcck (Kosten ca. 25-30 Euro)<\/p>\n\n\n\n<p>Sonnabend 25. April 2026, 18 km bis zur 2. \u00dcbernachtung in Crostwitz mit Abendbrot und Fr\u00fchst\u00fcck (Kosten ca. 30-35 Euro)<\/p>\n\n\n\n<p>Sonntag 26. April 2026, 20 km bis nach Schwosdorf und jeder kann wieder in seinem eigenen Bett schlafen<\/p>\n\n\n\n<figure class=\"wp-block-image size-large\"><img loading=\"lazy\" decoding=\"async\" width=\"1024\" height=\"1024\" src=\"https:\/\/wal-wueste-berg.de\/wp-content\/uploads\/2026\/04\/20260424_26_Pilgern-1024x1024.jpg\" alt=\"\" class=\"wp-image-623\" srcset=\"https:\/\/wal-wueste-berg.de\/wp-content\/uploads\/2026\/04\/20260424_26_Pilgern-1024x1024.jpg 1024w, https:\/\/wal-wueste-berg.de\/wp-content\/uploads\/2026\/04\/20260424_26_Pilgern-300x300.jpg 300w, https:\/\/wal-wueste-berg.de\/wp-content\/uploads\/2026\/04\/20260424_26_Pilgern-150x150.jpg 150w, https:\/\/wal-wueste-berg.de\/wp-content\/uploads\/2026\/04\/20260424_26_Pilgern-768x768.jpg 768w, https:\/\/wal-wueste-berg.de\/wp-content\/uploads\/2026\/04\/20260424_26_Pilgern-1536x1536.jpg 1536w, https:\/\/wal-wueste-berg.de\/wp-content\/uploads\/2026\/04\/20260424_26_Pilgern-850x850.jpg 850w, https:\/\/wal-wueste-berg.de\/wp-content\/uploads\/2026\/04\/20260424_26_Pilgern.jpg 1599w\" sizes=\"auto, (max-width: 1024px) 100vw, 1024px\" \/><\/figure>\n","protected":false},"excerpt":{"rendered":"<p>Wir gehen pilgern &#8211; Magst du mitkommen? von Freitag 24. April 2026 bis Sonntag 26. April 2026 von Bautzen bis nach Schwosdorf Start Freitag 24. April 2026 14:30 Uhr ab Kamenz, bis nach Bautzen mit dem Bus (Kosten ca. 10 Euro) 5 km bis zur 1. \u00dcbernachtung bei Familie Mitscherling mit Abendbrot und Fr\u00fchst\u00fcck (Kosten&#8230;<\/p>\n","protected":false},"author":1,"featured_media":0,"parent":30,"menu_order":0,"comment_status":"closed","ping_status":"closed","template":"","meta":{"footnotes":""},"class_list":["post-622","page","type-page","status-publish","hentry"],"_links":{"self":[{"href":"https:\/\/wal-wueste-berg.de\/index.php?rest_route=\/wp\/v2\/pages\/622","targetHints":{"allow":["GET"]}}],"collection":[{"href":"https:\/\/wal-wueste-berg.de\/index.php?rest_route=\/wp\/v2\/pages"}],"about":[{"href":"https:\/\/wal-wueste-berg.de\/index.php?rest_route=\/wp\/v2\/types\/page"}],"author":[{"embeddable":true,"href":"https:\/\/wal-wueste-berg.de\/index.php?rest_route=\/wp\/v2\/users\/1"}],"replies":[{"embeddable":true,"href":"https:\/\/wal-wueste-berg.de\/index.php?rest_route=%2Fwp%2Fv2%2Fcomments&post=622"}],"version-history":[{"count":2,"href":"https:\/\/wal-wueste-berg.de\/index.php?rest_route=\/wp\/v2\/pages\/622\/revisions"}],"predecessor-version":[{"id":626,"href":"https:\/\/wal-wueste-berg.de\/index.php?rest_route=\/wp\/v2\/pages\/622\/revisions\/626"}],"up":[{"embeddable":true,"href":"https:\/\/wal-wueste-berg.de\/index.php?rest_route=\/wp\/v2\/pages\/30"}],"wp:attachment":[{"href":"https:\/\/wal-wueste-berg.de\/index.php?rest_route=%2Fwp%2Fv2%2Fmedia&parent=622"}],"curies":[{"name":"wp","href":"https:\/\/api.w.org\/{rel}","templated":true}]}}