{"id":610,"date":"2026-04-08T16:37:27","date_gmt":"2026-04-08T16:37:27","guid":{"rendered":"https:\/\/wal-wueste-berg.de\/?page_id=610"},"modified":"2026-04-08T16:38:54","modified_gmt":"2026-04-08T16:38:54","slug":"vortrag-camino-primitivo","status":"publish","type":"page","link":"https:\/\/wal-wueste-berg.de\/?page_id=610","title":{"rendered":"Vortrag &#8222;Camino Primitivo&#8220;"},"content":{"rendered":"\n<p>Freitag, 17. April 2026 Beginn 18:00 Uhr Vortrag &#8222;Camino Primitivo&#8220;<\/p>\n\n\n\n<p>Camino Primitivo &#8211; Mein Jakobsweg nach Santiago de Compostela<\/p>\n\n\n\n<p>Pilgern in Spanien &#8211; Ein Vortrag mit Gerd B\u00fcttner<\/p>\n\n\n\n<p>Der Camino Primitivo ist der \u00e4lteste Jakobsweg und f\u00fchrt von Oviedo nach Santiago de Compostela. Er gilt als ruhig, urspr\u00fcnglich und landschaftlich besonders beeindruckend.<\/p>\n\n\n\n<figure class=\"wp-block-image size-large\"><img loading=\"lazy\" decoding=\"async\" width=\"683\" height=\"1024\" src=\"https:\/\/wal-wueste-berg.de\/wp-content\/uploads\/2026\/04\/20260417_Camino_Primitivo-683x1024.jpg\" alt=\"\" class=\"wp-image-611\" srcset=\"https:\/\/wal-wueste-berg.de\/wp-content\/uploads\/2026\/04\/20260417_Camino_Primitivo-683x1024.jpg 683w, https:\/\/wal-wueste-berg.de\/wp-content\/uploads\/2026\/04\/20260417_Camino_Primitivo-200x300.jpg 200w, https:\/\/wal-wueste-berg.de\/wp-content\/uploads\/2026\/04\/20260417_Camino_Primitivo-768x1152.jpg 768w, https:\/\/wal-wueste-berg.de\/wp-content\/uploads\/2026\/04\/20260417_Camino_Primitivo-300x450.jpg 300w, https:\/\/wal-wueste-berg.de\/wp-content\/uploads\/2026\/04\/20260417_Camino_Primitivo-850x1275.jpg 850w, https:\/\/wal-wueste-berg.de\/wp-content\/uploads\/2026\/04\/20260417_Camino_Primitivo.jpg 1000w\" sizes=\"auto, (max-width: 683px) 100vw, 683px\" \/><\/figure>\n","protected":false},"excerpt":{"rendered":"<p>Freitag, 17. April 2026 Beginn 18:00 Uhr Vortrag &#8222;Camino Primitivo&#8220; Camino Primitivo &#8211; Mein Jakobsweg nach Santiago de Compostela Pilgern in Spanien &#8211; Ein Vortrag mit Gerd B\u00fcttner Der Camino Primitivo ist der \u00e4lteste Jakobsweg und f\u00fchrt von Oviedo nach Santiago de Compostela. Er gilt als ruhig, urspr\u00fcnglich und landschaftlich besonders beeindruckend.<\/p>\n","protected":false},"author":1,"featured_media":0,"parent":30,"menu_order":0,"comment_status":"closed","ping_status":"closed","template":"","meta":{"footnotes":""},"class_list":["post-610","page","type-page","status-publish","hentry"],"_links":{"self":[{"href":"https:\/\/wal-wueste-berg.de\/index.php?rest_route=\/wp\/v2\/pages\/610","targetHints":{"allow":["GET"]}}],"collection":[{"href":"https:\/\/wal-wueste-berg.de\/index.php?rest_route=\/wp\/v2\/pages"}],"about":[{"href":"https:\/\/wal-wueste-berg.de\/index.php?rest_route=\/wp\/v2\/types\/page"}],"author":[{"embeddable":true,"href":"https:\/\/wal-wueste-berg.de\/index.php?rest_route=\/wp\/v2\/users\/1"}],"replies":[{"embeddable":true,"href":"https:\/\/wal-wueste-berg.de\/index.php?rest_route=%2Fwp%2Fv2%2Fcomments&post=610"}],"version-history":[{"count":1,"href":"https:\/\/wal-wueste-berg.de\/index.php?rest_route=\/wp\/v2\/pages\/610\/revisions"}],"predecessor-version":[{"id":612,"href":"https:\/\/wal-wueste-berg.de\/index.php?rest_route=\/wp\/v2\/pages\/610\/revisions\/612"}],"up":[{"embeddable":true,"href":"https:\/\/wal-wueste-berg.de\/index.php?rest_route=\/wp\/v2\/pages\/30"}],"wp:attachment":[{"href":"https:\/\/wal-wueste-berg.de\/index.php?rest_route=%2Fwp%2Fv2%2Fmedia&parent=610"}],"curies":[{"name":"wp","href":"https:\/\/api.w.org\/{rel}","templated":true}]}}