{"id":556,"date":"2025-10-31T11:59:43","date_gmt":"2025-10-31T11:59:43","guid":{"rendered":"https:\/\/wal-wueste-berg.de\/?page_id=556"},"modified":"2025-10-31T12:02:32","modified_gmt":"2025-10-31T12:02:32","slug":"herbstwanderung","status":"publish","type":"page","link":"https:\/\/wal-wueste-berg.de\/?page_id=556","title":{"rendered":"Herbstwanderung"},"content":{"rendered":"\n<p>Mittwoch, 19. November 2025, Treff: 13:00 Uhr am Wal- und W\u00fcsteberghaus, Start: 13:30 Uhr, Distanz: 9 km<\/p>\n\n\n\n<p>Wer sich noch nicht ins wohligwarme Wohnzimmer verzogen hat und auch zur k\u00fchleren Jahreszeit gern in die Natur geht, ist zu unserer gef\u00fchrten Wanderung herzlich eingeladen!<\/p>\n\n\n\n<p>Nach der Wanderung gibt es noch ein gem\u00fctliches Beisammensein am warmen Ofen oder am Lagerfeuer und f\u00fcr Speis und Trank ist selbstverst\u00e4ndlich wieder gesorgt.<\/p>\n\n\n\n<figure class=\"wp-block-image size-large\"><img loading=\"lazy\" decoding=\"async\" width=\"724\" height=\"1024\" src=\"https:\/\/wal-wueste-berg.de\/wp-content\/uploads\/2025\/10\/20251119_Herbstwanderung-724x1024.jpg\" alt=\"\" class=\"wp-image-557\" srcset=\"https:\/\/wal-wueste-berg.de\/wp-content\/uploads\/2025\/10\/20251119_Herbstwanderung-724x1024.jpg 724w, https:\/\/wal-wueste-berg.de\/wp-content\/uploads\/2025\/10\/20251119_Herbstwanderung-212x300.jpg 212w, https:\/\/wal-wueste-berg.de\/wp-content\/uploads\/2025\/10\/20251119_Herbstwanderung-768x1086.jpg 768w, https:\/\/wal-wueste-berg.de\/wp-content\/uploads\/2025\/10\/20251119_Herbstwanderung-1086x1536.jpg 1086w, https:\/\/wal-wueste-berg.de\/wp-content\/uploads\/2025\/10\/20251119_Herbstwanderung-300x424.jpg 300w, https:\/\/wal-wueste-berg.de\/wp-content\/uploads\/2025\/10\/20251119_Herbstwanderung-850x1202.jpg 850w, https:\/\/wal-wueste-berg.de\/wp-content\/uploads\/2025\/10\/20251119_Herbstwanderung.jpg 1414w\" sizes=\"auto, (max-width: 724px) 100vw, 724px\" \/><\/figure>\n","protected":false},"excerpt":{"rendered":"<p>Mittwoch, 19. November 2025, Treff: 13:00 Uhr am Wal- und W\u00fcsteberghaus, Start: 13:30 Uhr, Distanz: 9 km Wer sich noch nicht ins wohligwarme Wohnzimmer verzogen hat und auch zur k\u00fchleren Jahreszeit gern in die Natur geht, ist zu unserer gef\u00fchrten Wanderung herzlich eingeladen! Nach der Wanderung gibt es noch ein gem\u00fctliches Beisammensein am warmen Ofen&#8230;<\/p>\n","protected":false},"author":1,"featured_media":0,"parent":30,"menu_order":0,"comment_status":"closed","ping_status":"closed","template":"","meta":{"footnotes":""},"class_list":["post-556","page","type-page","status-publish","hentry"],"_links":{"self":[{"href":"https:\/\/wal-wueste-berg.de\/index.php?rest_route=\/wp\/v2\/pages\/556","targetHints":{"allow":["GET"]}}],"collection":[{"href":"https:\/\/wal-wueste-berg.de\/index.php?rest_route=\/wp\/v2\/pages"}],"about":[{"href":"https:\/\/wal-wueste-berg.de\/index.php?rest_route=\/wp\/v2\/types\/page"}],"author":[{"embeddable":true,"href":"https:\/\/wal-wueste-berg.de\/index.php?rest_route=\/wp\/v2\/users\/1"}],"replies":[{"embeddable":true,"href":"https:\/\/wal-wueste-berg.de\/index.php?rest_route=%2Fwp%2Fv2%2Fcomments&post=556"}],"version-history":[{"count":1,"href":"https:\/\/wal-wueste-berg.de\/index.php?rest_route=\/wp\/v2\/pages\/556\/revisions"}],"predecessor-version":[{"id":558,"href":"https:\/\/wal-wueste-berg.de\/index.php?rest_route=\/wp\/v2\/pages\/556\/revisions\/558"}],"up":[{"embeddable":true,"href":"https:\/\/wal-wueste-berg.de\/index.php?rest_route=\/wp\/v2\/pages\/30"}],"wp:attachment":[{"href":"https:\/\/wal-wueste-berg.de\/index.php?rest_route=%2Fwp%2Fv2%2Fmedia&parent=556"}],"curies":[{"name":"wp","href":"https:\/\/api.w.org\/{rel}","templated":true}]}}