{"id":528,"date":"2025-03-31T07:02:29","date_gmt":"2025-03-31T07:02:29","guid":{"rendered":"https:\/\/wal-wueste-berg.de\/?page_id=528"},"modified":"2026-01-10T09:58:36","modified_gmt":"2026-01-10T09:58:36","slug":"archivierte-termine","status":"publish","type":"page","link":"https:\/\/wal-wueste-berg.de\/?page_id=528","title":{"rendered":"Archivierte Termine"},"content":{"rendered":"\n<p><a href=\"https:\/\/wal-wueste-berg.de\/?page_id=316\">Freitag, 15. Dezember 2023 Lebendiger Adventskalender<\/a><\/p>\n\n\n\n<p><a href=\"https:\/\/wal-wueste-berg.de\/?page_id=304\">Sonntag, 24. September 2023 Weinfest<\/a><\/p>\n\n\n\n<p>Abgesagt <a href=\"https:\/\/wal-wueste-berg.de\/?page_id=173\">Sonntag, 27. September 2020 Weinfest<\/a><\/p>\n\n\n\n<p>Abgesagt <a href=\"https:\/\/wal-wueste-berg.de\/?page_id=198\">08. bis 14. August 2020 EselWanderung von Bautzen nach K\u00f6nigsbr\u00fcck<\/a><\/p>\n\n\n\n<p>Abgesagt <a href=\"https:\/\/wal-wueste-berg.de\/?page_id=167\">Sonntag, 05. April 2020 ab 14:00 Uhr 12. Fr\u00fchlingsfest<\/a><\/p>\n\n\n\n<p><a href=\"https:\/\/wal-wueste-berg.de\/?page_id=30\" data-type=\"page\" data-id=\"30\">zur\u00fcck zu Termine<\/a><\/p>\n\n\n\n<p><\/p>\n","protected":false},"excerpt":{"rendered":"<p>Freitag, 15. Dezember 2023 Lebendiger Adventskalender Sonntag, 24. September 2023 Weinfest Abgesagt Sonntag, 27. September 2020 Weinfest Abgesagt 08. bis 14. August 2020 EselWanderung von Bautzen nach K\u00f6nigsbr\u00fcck Abgesagt Sonntag, 05. April 2020 ab 14:00 Uhr 12. Fr\u00fchlingsfest zur\u00fcck zu Termine<\/p>\n","protected":false},"author":1,"featured_media":0,"parent":30,"menu_order":0,"comment_status":"closed","ping_status":"closed","template":"","meta":{"footnotes":""},"class_list":["post-528","page","type-page","status-publish","hentry"],"_links":{"self":[{"href":"https:\/\/wal-wueste-berg.de\/index.php?rest_route=\/wp\/v2\/pages\/528","targetHints":{"allow":["GET"]}}],"collection":[{"href":"https:\/\/wal-wueste-berg.de\/index.php?rest_route=\/wp\/v2\/pages"}],"about":[{"href":"https:\/\/wal-wueste-berg.de\/index.php?rest_route=\/wp\/v2\/types\/page"}],"author":[{"embeddable":true,"href":"https:\/\/wal-wueste-berg.de\/index.php?rest_route=\/wp\/v2\/users\/1"}],"replies":[{"embeddable":true,"href":"https:\/\/wal-wueste-berg.de\/index.php?rest_route=%2Fwp%2Fv2%2Fcomments&post=528"}],"version-history":[{"count":5,"href":"https:\/\/wal-wueste-berg.de\/index.php?rest_route=\/wp\/v2\/pages\/528\/revisions"}],"predecessor-version":[{"id":566,"href":"https:\/\/wal-wueste-berg.de\/index.php?rest_route=\/wp\/v2\/pages\/528\/revisions\/566"}],"up":[{"embeddable":true,"href":"https:\/\/wal-wueste-berg.de\/index.php?rest_route=\/wp\/v2\/pages\/30"}],"wp:attachment":[{"href":"https:\/\/wal-wueste-berg.de\/index.php?rest_route=%2Fwp%2Fv2%2Fmedia&parent=528"}],"curies":[{"name":"wp","href":"https:\/\/api.w.org\/{rel}","templated":true}]}}