{"id":513,"date":"2025-03-31T06:37:25","date_gmt":"2025-03-31T06:37:25","guid":{"rendered":"https:\/\/wal-wueste-berg.de\/?page_id=513"},"modified":"2025-03-31T06:37:25","modified_gmt":"2025-03-31T06:37:25","slug":"klangauszeit","status":"publish","type":"page","link":"https:\/\/wal-wueste-berg.de\/?page_id=513","title":{"rendered":"KLANGausZEIT"},"content":{"rendered":"\n<p>Sonnabend, 12. April 2025 16:00 Uhr bis 20:00 Uhr<\/p>\n\n\n\n<p>Mit dem Kakao-Ritual wollen wir uns darauf einlassen noch mehr Sinne beim Genuss anzuregen und ihn einmal sichtbar werden lassen! Sanfte Bewegungen des K\u00f6rpers, eine entspannende innere Reise mit tibetischen Klangschalen, bringen Dich in Deine nat\u00fcrliche Harmonie, so dass Du den Waage-Vollmond am n\u00e4chsten Tag voll genie\u00dfen kannst.<\/p>\n\n\n\n<figure class=\"wp-block-image size-large\"><img loading=\"lazy\" decoding=\"async\" width=\"1024\" height=\"948\" src=\"https:\/\/wal-wueste-berg.de\/wp-content\/uploads\/2025\/03\/IMG-20250307-WA0009-1024x948.jpg\" alt=\"\" class=\"wp-image-514\" srcset=\"https:\/\/wal-wueste-berg.de\/wp-content\/uploads\/2025\/03\/IMG-20250307-WA0009-1024x948.jpg 1024w, https:\/\/wal-wueste-berg.de\/wp-content\/uploads\/2025\/03\/IMG-20250307-WA0009-300x278.jpg 300w, https:\/\/wal-wueste-berg.de\/wp-content\/uploads\/2025\/03\/IMG-20250307-WA0009-768x711.jpg 768w, https:\/\/wal-wueste-berg.de\/wp-content\/uploads\/2025\/03\/IMG-20250307-WA0009-850x787.jpg 850w, https:\/\/wal-wueste-berg.de\/wp-content\/uploads\/2025\/03\/IMG-20250307-WA0009.jpg 1280w\" sizes=\"auto, (max-width: 1024px) 100vw, 1024px\" \/><\/figure>\n\n\n\n<figure class=\"wp-block-image size-large\"><img loading=\"lazy\" decoding=\"async\" width=\"459\" height=\"1024\" src=\"https:\/\/wal-wueste-berg.de\/wp-content\/uploads\/2025\/03\/IMG-20250307-WA0010-459x1024.jpg\" alt=\"\" class=\"wp-image-515\" srcset=\"https:\/\/wal-wueste-berg.de\/wp-content\/uploads\/2025\/03\/IMG-20250307-WA0010-459x1024.jpg 459w, https:\/\/wal-wueste-berg.de\/wp-content\/uploads\/2025\/03\/IMG-20250307-WA0010-134x300.jpg 134w, https:\/\/wal-wueste-berg.de\/wp-content\/uploads\/2025\/03\/IMG-20250307-WA0010-768x1713.jpg 768w, https:\/\/wal-wueste-berg.de\/wp-content\/uploads\/2025\/03\/IMG-20250307-WA0010-689x1536.jpg 689w, https:\/\/wal-wueste-berg.de\/wp-content\/uploads\/2025\/03\/IMG-20250307-WA0010-300x669.jpg 300w, https:\/\/wal-wueste-berg.de\/wp-content\/uploads\/2025\/03\/IMG-20250307-WA0010-850x1896.jpg 850w, https:\/\/wal-wueste-berg.de\/wp-content\/uploads\/2025\/03\/IMG-20250307-WA0010.jpg 918w\" sizes=\"auto, (max-width: 459px) 100vw, 459px\" \/><\/figure>\n","protected":false},"excerpt":{"rendered":"<p>Sonnabend, 12. April 2025 16:00 Uhr bis 20:00 Uhr Mit dem Kakao-Ritual wollen wir uns darauf einlassen noch mehr Sinne beim Genuss anzuregen und ihn einmal sichtbar werden lassen! Sanfte Bewegungen des K\u00f6rpers, eine entspannende innere Reise mit tibetischen Klangschalen, bringen Dich in Deine nat\u00fcrliche Harmonie, so dass Du den Waage-Vollmond am n\u00e4chsten Tag voll&#8230;<\/p>\n","protected":false},"author":1,"featured_media":0,"parent":30,"menu_order":0,"comment_status":"closed","ping_status":"closed","template":"","meta":{"footnotes":""},"class_list":["post-513","page","type-page","status-publish","hentry"],"_links":{"self":[{"href":"https:\/\/wal-wueste-berg.de\/index.php?rest_route=\/wp\/v2\/pages\/513","targetHints":{"allow":["GET"]}}],"collection":[{"href":"https:\/\/wal-wueste-berg.de\/index.php?rest_route=\/wp\/v2\/pages"}],"about":[{"href":"https:\/\/wal-wueste-berg.de\/index.php?rest_route=\/wp\/v2\/types\/page"}],"author":[{"embeddable":true,"href":"https:\/\/wal-wueste-berg.de\/index.php?rest_route=\/wp\/v2\/users\/1"}],"replies":[{"embeddable":true,"href":"https:\/\/wal-wueste-berg.de\/index.php?rest_route=%2Fwp%2Fv2%2Fcomments&post=513"}],"version-history":[{"count":1,"href":"https:\/\/wal-wueste-berg.de\/index.php?rest_route=\/wp\/v2\/pages\/513\/revisions"}],"predecessor-version":[{"id":516,"href":"https:\/\/wal-wueste-berg.de\/index.php?rest_route=\/wp\/v2\/pages\/513\/revisions\/516"}],"up":[{"embeddable":true,"href":"https:\/\/wal-wueste-berg.de\/index.php?rest_route=\/wp\/v2\/pages\/30"}],"wp:attachment":[{"href":"https:\/\/wal-wueste-berg.de\/index.php?rest_route=%2Fwp%2Fv2%2Fmedia&parent=513"}],"curies":[{"name":"wp","href":"https:\/\/api.w.org\/{rel}","templated":true}]}}