{"id":507,"date":"2025-03-31T06:17:57","date_gmt":"2025-03-31T06:17:57","guid":{"rendered":"https:\/\/wal-wueste-berg.de\/?page_id=507"},"modified":"2025-03-31T06:17:57","modified_gmt":"2025-03-31T06:17:57","slug":"erleben-sie-einen-duften-oelabend","status":"publish","type":"page","link":"https:\/\/wal-wueste-berg.de\/?page_id=507","title":{"rendered":"Erleben Sie einen duften \u00d6labend!"},"content":{"rendered":"\n<p>Datum: 08. April 2025, Beginn: 18:00 Uhr<\/p>\n\n\n\n<p>\u00c4therische \u00d6le haben viele und wunderbare D\u00fcfte. Diese k\u00f6nnen f\u00fcr Entspannung und gute Laune sorgen, aber auch die Haut pflegen oder als Nahrungserg\u00e4nzungsmittel die Gesundheit unterst\u00fctzen. Die nat\u00fcrliche Hausapotheke soll unser Motto des Abends sein.<\/p>\n\n\n\n<figure class=\"wp-block-image size-large\"><img loading=\"lazy\" decoding=\"async\" width=\"721\" height=\"1024\" src=\"https:\/\/wal-wueste-berg.de\/wp-content\/uploads\/2025\/03\/IMG-20250318-WA0042-721x1024.jpg\" alt=\"\" class=\"wp-image-508\" srcset=\"https:\/\/wal-wueste-berg.de\/wp-content\/uploads\/2025\/03\/IMG-20250318-WA0042-721x1024.jpg 721w, https:\/\/wal-wueste-berg.de\/wp-content\/uploads\/2025\/03\/IMG-20250318-WA0042-211x300.jpg 211w, https:\/\/wal-wueste-berg.de\/wp-content\/uploads\/2025\/03\/IMG-20250318-WA0042-768x1090.jpg 768w, https:\/\/wal-wueste-berg.de\/wp-content\/uploads\/2025\/03\/IMG-20250318-WA0042-1082x1536.jpg 1082w, https:\/\/wal-wueste-berg.de\/wp-content\/uploads\/2025\/03\/IMG-20250318-WA0042-300x426.jpg 300w, https:\/\/wal-wueste-berg.de\/wp-content\/uploads\/2025\/03\/IMG-20250318-WA0042-850x1207.jpg 850w, https:\/\/wal-wueste-berg.de\/wp-content\/uploads\/2025\/03\/IMG-20250318-WA0042.jpg 1127w\" sizes=\"auto, (max-width: 721px) 100vw, 721px\" \/><\/figure>\n","protected":false},"excerpt":{"rendered":"<p>Datum: 08. April 2025, Beginn: 18:00 Uhr \u00c4therische \u00d6le haben viele und wunderbare D\u00fcfte. Diese k\u00f6nnen f\u00fcr Entspannung und gute Laune sorgen, aber auch die Haut pflegen oder als Nahrungserg\u00e4nzungsmittel die Gesundheit unterst\u00fctzen. Die nat\u00fcrliche Hausapotheke soll unser Motto des Abends sein.<\/p>\n","protected":false},"author":1,"featured_media":0,"parent":30,"menu_order":0,"comment_status":"closed","ping_status":"closed","template":"","meta":{"footnotes":""},"class_list":["post-507","page","type-page","status-publish","hentry"],"_links":{"self":[{"href":"https:\/\/wal-wueste-berg.de\/index.php?rest_route=\/wp\/v2\/pages\/507","targetHints":{"allow":["GET"]}}],"collection":[{"href":"https:\/\/wal-wueste-berg.de\/index.php?rest_route=\/wp\/v2\/pages"}],"about":[{"href":"https:\/\/wal-wueste-berg.de\/index.php?rest_route=\/wp\/v2\/types\/page"}],"author":[{"embeddable":true,"href":"https:\/\/wal-wueste-berg.de\/index.php?rest_route=\/wp\/v2\/users\/1"}],"replies":[{"embeddable":true,"href":"https:\/\/wal-wueste-berg.de\/index.php?rest_route=%2Fwp%2Fv2%2Fcomments&post=507"}],"version-history":[{"count":1,"href":"https:\/\/wal-wueste-berg.de\/index.php?rest_route=\/wp\/v2\/pages\/507\/revisions"}],"predecessor-version":[{"id":509,"href":"https:\/\/wal-wueste-berg.de\/index.php?rest_route=\/wp\/v2\/pages\/507\/revisions\/509"}],"up":[{"embeddable":true,"href":"https:\/\/wal-wueste-berg.de\/index.php?rest_route=\/wp\/v2\/pages\/30"}],"wp:attachment":[{"href":"https:\/\/wal-wueste-berg.de\/index.php?rest_route=%2Fwp%2Fv2%2Fmedia&parent=507"}],"curies":[{"name":"wp","href":"https:\/\/api.w.org\/{rel}","templated":true}]}}