{"id":499,"date":"2025-03-26T06:57:56","date_gmt":"2025-03-26T06:57:56","guid":{"rendered":"https:\/\/wal-wueste-berg.de\/?page_id=499"},"modified":"2025-03-26T06:57:56","modified_gmt":"2025-03-26T06:57:56","slug":"wir-wandern-dem-fruehling-entgegen","status":"publish","type":"page","link":"https:\/\/wal-wueste-berg.de\/?page_id=499","title":{"rendered":"Wir wandern dem Fr\u00fchling entgegen"},"content":{"rendered":"\n<p>Am 06. April 2025, Treff: 13:30 Uhr am Wal- und W\u00fcsteberghaus, Start: 14:00 Uhr, Distanz: 9 km<\/p>\n\n\n\n<p>Danach ein gem\u00fctlicher Ausklang &#8211; f\u00fcr das kulinarische Wohl ist selbstverst\u00e4ndlich gesorgt<\/p>\n\n\n\n<figure class=\"wp-block-video\"><video height=\"850\" style=\"aspect-ratio: 478 \/ 850;\" width=\"478\" controls src=\"https:\/\/wal-wueste-berg.de\/wp-content\/uploads\/2025\/03\/VID-20250321-WA0014.mp4\"><\/video><\/figure>\n","protected":false},"excerpt":{"rendered":"<p>Am 06. April 2025, Treff: 13:30 Uhr am Wal- und W\u00fcsteberghaus, Start: 14:00 Uhr, Distanz: 9 km Danach ein gem\u00fctlicher Ausklang &#8211; f\u00fcr das kulinarische Wohl ist selbstverst\u00e4ndlich gesorgt<\/p>\n","protected":false},"author":1,"featured_media":0,"parent":30,"menu_order":0,"comment_status":"closed","ping_status":"closed","template":"","meta":{"footnotes":""},"class_list":["post-499","page","type-page","status-publish","hentry"],"_links":{"self":[{"href":"https:\/\/wal-wueste-berg.de\/index.php?rest_route=\/wp\/v2\/pages\/499","targetHints":{"allow":["GET"]}}],"collection":[{"href":"https:\/\/wal-wueste-berg.de\/index.php?rest_route=\/wp\/v2\/pages"}],"about":[{"href":"https:\/\/wal-wueste-berg.de\/index.php?rest_route=\/wp\/v2\/types\/page"}],"author":[{"embeddable":true,"href":"https:\/\/wal-wueste-berg.de\/index.php?rest_route=\/wp\/v2\/users\/1"}],"replies":[{"embeddable":true,"href":"https:\/\/wal-wueste-berg.de\/index.php?rest_route=%2Fwp%2Fv2%2Fcomments&post=499"}],"version-history":[{"count":1,"href":"https:\/\/wal-wueste-berg.de\/index.php?rest_route=\/wp\/v2\/pages\/499\/revisions"}],"predecessor-version":[{"id":501,"href":"https:\/\/wal-wueste-berg.de\/index.php?rest_route=\/wp\/v2\/pages\/499\/revisions\/501"}],"up":[{"embeddable":true,"href":"https:\/\/wal-wueste-berg.de\/index.php?rest_route=\/wp\/v2\/pages\/30"}],"wp:attachment":[{"href":"https:\/\/wal-wueste-berg.de\/index.php?rest_route=%2Fwp%2Fv2%2Fmedia&parent=499"}],"curies":[{"name":"wp","href":"https:\/\/api.w.org\/{rel}","templated":true}]}}