{"id":49,"date":"2020-01-18T13:44:10","date_gmt":"2020-01-18T13:44:10","guid":{"rendered":"http:\/\/wal-wueste-berg.de\/?page_id=49"},"modified":"2023-07-27T18:21:13","modified_gmt":"2023-07-27T18:21:13","slug":"startseite","status":"publish","type":"page","link":"https:\/\/wal-wueste-berg.de\/","title":{"rendered":"Herzlich Willkommen&#8230;"},"content":{"rendered":"\n<p>\n&#8230; auf der Homepage des Vereins PRO Wal- und W\u00fcsteberg e.V.!<\/p>\n\n\n\n<p>Auf den folgenden Seiten warten auf sie zahlreiche Informationen rund um unser Anliegen, unsere Projekte und unseren Verein.<\/p>\n\n\n\n<p>Wir  hoffen, ihnen soweit m\u00f6glich, alle Informationen bieten zu k\u00f6nnen.  Sollten dennoch einmal Fragen offen bleiben, dann treten sie doch  einfach mit uns in Kontakt. Alle daf\u00fcr notwendigen Informationen finden  sie unter <a href=\"https:\/\/wal-wueste-berg.de\/?page_id=25\">Kontakt<\/a>.<\/p>\n\n\n\n<p>Unter  <a href=\"https:\/\/wal-wueste-berg.de\/?page_id=28\">Aktuelles<\/a> informieren wir \u00fcber unsere Aktivit\u00e4ten und unter <a href=\"https:\/\/wal-wueste-berg.de\/?page_id=30\">Termine<\/a> und Neueste Beitr\u00e4ge finden sie bevorstehende Veranstaltungen im Wal- und W\u00fcsteberghaus sowie  Veranstaltungen an denen sich der PRO Wal- und W\u00fcsteberg e.V.  beteiligt.<\/p>\n\n\n\n<p><strong>Achtung!<\/strong> unser Pilgertelefon hat eine neue Nummer: 01522 7034531<\/p>\n","protected":false},"excerpt":{"rendered":"<p>&#8230; auf der Homepage des Vereins PRO Wal- und W\u00fcsteberg e.V.! Auf den folgenden Seiten warten auf sie zahlreiche Informationen rund um unser Anliegen, unsere Projekte und unseren Verein. Wir hoffen, ihnen soweit m\u00f6glich, alle Informationen bieten zu k\u00f6nnen. Sollten dennoch einmal Fragen offen bleiben, dann treten sie doch einfach mit uns in Kontakt. Alle&#8230;<\/p>\n","protected":false},"author":1,"featured_media":0,"parent":0,"menu_order":0,"comment_status":"closed","ping_status":"closed","template":"","meta":{"footnotes":""},"class_list":["post-49","page","type-page","status-publish","hentry"],"_links":{"self":[{"href":"https:\/\/wal-wueste-berg.de\/index.php?rest_route=\/wp\/v2\/pages\/49","targetHints":{"allow":["GET"]}}],"collection":[{"href":"https:\/\/wal-wueste-berg.de\/index.php?rest_route=\/wp\/v2\/pages"}],"about":[{"href":"https:\/\/wal-wueste-berg.de\/index.php?rest_route=\/wp\/v2\/types\/page"}],"author":[{"embeddable":true,"href":"https:\/\/wal-wueste-berg.de\/index.php?rest_route=\/wp\/v2\/users\/1"}],"replies":[{"embeddable":true,"href":"https:\/\/wal-wueste-berg.de\/index.php?rest_route=%2Fwp%2Fv2%2Fcomments&post=49"}],"version-history":[{"count":8,"href":"https:\/\/wal-wueste-berg.de\/index.php?rest_route=\/wp\/v2\/pages\/49\/revisions"}],"predecessor-version":[{"id":293,"href":"https:\/\/wal-wueste-berg.de\/index.php?rest_route=\/wp\/v2\/pages\/49\/revisions\/293"}],"wp:attachment":[{"href":"https:\/\/wal-wueste-berg.de\/index.php?rest_route=%2Fwp%2Fv2%2Fmedia&parent=49"}],"curies":[{"name":"wp","href":"https:\/\/api.w.org\/{rel}","templated":true}]}}