{"id":488,"date":"2025-03-20T18:06:40","date_gmt":"2025-03-20T18:06:40","guid":{"rendered":"https:\/\/wal-wueste-berg.de\/?page_id=488"},"modified":"2025-03-20T18:12:32","modified_gmt":"2025-03-20T18:12:32","slug":"workshop-mit-der-kraft-der-fruehlingskraeuter-in-schwung-kommen","status":"publish","type":"page","link":"https:\/\/wal-wueste-berg.de\/?page_id=488","title":{"rendered":"Workshop &#8222;Mit der Kraft der Fr\u00fchlingskr\u00e4uter in Schwung kommen&#8220;"},"content":{"rendered":"\n<p>Freitag, 11. April 2025 Beginn: 16:30 Uhr Workshop &#8222;Mit der Kraft der Fr\u00fchlingskr\u00e4uter in Schwung kommen&#8220;<\/p>\n\n\n\n<p>Erfahre mehr \u00fcber L\u00f6wenzahn, Giersch, Brennnessel und Co. und ihre Kr\u00e4fte, wie sie gegen die Fr\u00fchjahrsm\u00fcdigkeit helfen und mehr Vitalit\u00e4t bringen.<\/p>\n\n\n\n<figure class=\"wp-block-image size-large\"><img loading=\"lazy\" decoding=\"async\" width=\"733\" height=\"1024\" src=\"https:\/\/wal-wueste-berg.de\/wp-content\/uploads\/2025\/03\/IMG-20250319-WA0033-733x1024.jpg\" alt=\"\" class=\"wp-image-489\" srcset=\"https:\/\/wal-wueste-berg.de\/wp-content\/uploads\/2025\/03\/IMG-20250319-WA0033-733x1024.jpg 733w, https:\/\/wal-wueste-berg.de\/wp-content\/uploads\/2025\/03\/IMG-20250319-WA0033-215x300.jpg 215w, https:\/\/wal-wueste-berg.de\/wp-content\/uploads\/2025\/03\/IMG-20250319-WA0033-768x1073.jpg 768w, https:\/\/wal-wueste-berg.de\/wp-content\/uploads\/2025\/03\/IMG-20250319-WA0033-1099x1536.jpg 1099w, https:\/\/wal-wueste-berg.de\/wp-content\/uploads\/2025\/03\/IMG-20250319-WA0033-300x419.jpg 300w, https:\/\/wal-wueste-berg.de\/wp-content\/uploads\/2025\/03\/IMG-20250319-WA0033-850x1188.jpg 850w, https:\/\/wal-wueste-berg.de\/wp-content\/uploads\/2025\/03\/IMG-20250319-WA0033.jpg 1145w\" sizes=\"auto, (max-width: 733px) 100vw, 733px\" \/><\/figure>\n","protected":false},"excerpt":{"rendered":"<p>Freitag, 11. April 2025 Beginn: 16:30 Uhr Workshop &#8222;Mit der Kraft der Fr\u00fchlingskr\u00e4uter in Schwung kommen&#8220; Erfahre mehr \u00fcber L\u00f6wenzahn, Giersch, Brennnessel und Co. und ihre Kr\u00e4fte, wie sie gegen die Fr\u00fchjahrsm\u00fcdigkeit helfen und mehr Vitalit\u00e4t bringen.<\/p>\n","protected":false},"author":1,"featured_media":0,"parent":30,"menu_order":0,"comment_status":"closed","ping_status":"closed","template":"","meta":{"footnotes":""},"class_list":["post-488","page","type-page","status-publish","hentry"],"_links":{"self":[{"href":"https:\/\/wal-wueste-berg.de\/index.php?rest_route=\/wp\/v2\/pages\/488","targetHints":{"allow":["GET"]}}],"collection":[{"href":"https:\/\/wal-wueste-berg.de\/index.php?rest_route=\/wp\/v2\/pages"}],"about":[{"href":"https:\/\/wal-wueste-berg.de\/index.php?rest_route=\/wp\/v2\/types\/page"}],"author":[{"embeddable":true,"href":"https:\/\/wal-wueste-berg.de\/index.php?rest_route=\/wp\/v2\/users\/1"}],"replies":[{"embeddable":true,"href":"https:\/\/wal-wueste-berg.de\/index.php?rest_route=%2Fwp%2Fv2%2Fcomments&post=488"}],"version-history":[{"count":3,"href":"https:\/\/wal-wueste-berg.de\/index.php?rest_route=\/wp\/v2\/pages\/488\/revisions"}],"predecessor-version":[{"id":493,"href":"https:\/\/wal-wueste-berg.de\/index.php?rest_route=\/wp\/v2\/pages\/488\/revisions\/493"}],"up":[{"embeddable":true,"href":"https:\/\/wal-wueste-berg.de\/index.php?rest_route=\/wp\/v2\/pages\/30"}],"wp:attachment":[{"href":"https:\/\/wal-wueste-berg.de\/index.php?rest_route=%2Fwp%2Fv2%2Fmedia&parent=488"}],"curies":[{"name":"wp","href":"https:\/\/api.w.org\/{rel}","templated":true}]}}