{"id":455,"date":"2025-02-08T13:22:00","date_gmt":"2025-02-08T13:22:00","guid":{"rendered":"https:\/\/wal-wueste-berg.de\/?page_id=455"},"modified":"2025-02-08T13:22:00","modified_gmt":"2025-02-08T13:22:00","slug":"fuer-eine-saubere-natur","status":"publish","type":"page","link":"https:\/\/wal-wueste-berg.de\/?page_id=455","title":{"rendered":"F\u00fcr eine saubere Natur"},"content":{"rendered":"\n<p>Im Januar\/Februar 2024 haben Mitglieder des Vereins Tafeln f\u00fcr eine saubere Natur u.a. an den H\u00fctten: Schutzh\u00fctte Poststrasse, Schutzh\u00fctte Sattel Wal-W\u00fcsteberg, Schutzh\u00fctte Schwosdorf, Kamenzer Stra\u00dfe angebracht.<\/p>\n\n\n\n<figure class=\"wp-block-image size-large\"><img loading=\"lazy\" decoding=\"async\" width=\"771\" height=\"1024\" src=\"https:\/\/wal-wueste-berg.de\/wp-content\/uploads\/2024\/03\/1000015643-771x1024.jpg\" alt=\"\" class=\"wp-image-392\" srcset=\"https:\/\/wal-wueste-berg.de\/wp-content\/uploads\/2024\/03\/1000015643-771x1024.jpg 771w, https:\/\/wal-wueste-berg.de\/wp-content\/uploads\/2024\/03\/1000015643-226x300.jpg 226w, https:\/\/wal-wueste-berg.de\/wp-content\/uploads\/2024\/03\/1000015643-768x1020.jpg 768w, https:\/\/wal-wueste-berg.de\/wp-content\/uploads\/2024\/03\/1000015643-1157x1536.jpg 1157w, https:\/\/wal-wueste-berg.de\/wp-content\/uploads\/2024\/03\/1000015643-1542x2048.jpg 1542w, https:\/\/wal-wueste-berg.de\/wp-content\/uploads\/2024\/03\/1000015643-300x398.jpg 300w, https:\/\/wal-wueste-berg.de\/wp-content\/uploads\/2024\/03\/1000015643-850x1129.jpg 850w, https:\/\/wal-wueste-berg.de\/wp-content\/uploads\/2024\/03\/1000015643-scaled.jpg 1928w\" sizes=\"auto, (max-width: 771px) 100vw, 771px\" \/><\/figure>\n\n\n\n<figure class=\"wp-block-image size-large\"><img loading=\"lazy\" decoding=\"async\" width=\"1024\" height=\"771\" src=\"https:\/\/wal-wueste-berg.de\/wp-content\/uploads\/2024\/03\/1000015645-1024x771.jpg\" alt=\"\" class=\"wp-image-394\" srcset=\"https:\/\/wal-wueste-berg.de\/wp-content\/uploads\/2024\/03\/1000015645-1024x771.jpg 1024w, https:\/\/wal-wueste-berg.de\/wp-content\/uploads\/2024\/03\/1000015645-300x226.jpg 300w, https:\/\/wal-wueste-berg.de\/wp-content\/uploads\/2024\/03\/1000015645-768x578.jpg 768w, https:\/\/wal-wueste-berg.de\/wp-content\/uploads\/2024\/03\/1000015645-1536x1157.jpg 1536w, https:\/\/wal-wueste-berg.de\/wp-content\/uploads\/2024\/03\/1000015645-2048x1542.jpg 2048w, https:\/\/wal-wueste-berg.de\/wp-content\/uploads\/2024\/03\/1000015645-850x640.jpg 850w\" sizes=\"auto, (max-width: 1024px) 100vw, 1024px\" \/><\/figure>\n\n\n\n<figure class=\"wp-block-image size-large\"><img loading=\"lazy\" decoding=\"async\" width=\"1024\" height=\"771\" src=\"https:\/\/wal-wueste-berg.de\/wp-content\/uploads\/2024\/03\/1000015647-1024x771.jpg\" alt=\"\" class=\"wp-image-395\" srcset=\"https:\/\/wal-wueste-berg.de\/wp-content\/uploads\/2024\/03\/1000015647-1024x771.jpg 1024w, https:\/\/wal-wueste-berg.de\/wp-content\/uploads\/2024\/03\/1000015647-300x226.jpg 300w, https:\/\/wal-wueste-berg.de\/wp-content\/uploads\/2024\/03\/1000015647-768x578.jpg 768w, https:\/\/wal-wueste-berg.de\/wp-content\/uploads\/2024\/03\/1000015647-1536x1157.jpg 1536w, https:\/\/wal-wueste-berg.de\/wp-content\/uploads\/2024\/03\/1000015647-2048x1542.jpg 2048w, https:\/\/wal-wueste-berg.de\/wp-content\/uploads\/2024\/03\/1000015647-850x640.jpg 850w\" sizes=\"auto, (max-width: 1024px) 100vw, 1024px\" \/><\/figure>\n\n\n\n<figure class=\"wp-block-image size-large\"><img loading=\"lazy\" decoding=\"async\" width=\"768\" height=\"1024\" src=\"https:\/\/wal-wueste-berg.de\/wp-content\/uploads\/2024\/03\/Foto1-768x1024.jpg\" alt=\"\" class=\"wp-image-396\" srcset=\"https:\/\/wal-wueste-berg.de\/wp-content\/uploads\/2024\/03\/Foto1-768x1024.jpg 768w, https:\/\/wal-wueste-berg.de\/wp-content\/uploads\/2024\/03\/Foto1-225x300.jpg 225w, https:\/\/wal-wueste-berg.de\/wp-content\/uploads\/2024\/03\/Foto1-1152x1536.jpg 1152w, https:\/\/wal-wueste-berg.de\/wp-content\/uploads\/2024\/03\/Foto1-300x400.jpg 300w, https:\/\/wal-wueste-berg.de\/wp-content\/uploads\/2024\/03\/Foto1-850x1133.jpg 850w, https:\/\/wal-wueste-berg.de\/wp-content\/uploads\/2024\/03\/Foto1.jpg 1200w\" sizes=\"auto, (max-width: 768px) 100vw, 768px\" \/><\/figure>\n","protected":false},"excerpt":{"rendered":"<p>Im Januar\/Februar 2024 haben Mitglieder des Vereins Tafeln f\u00fcr eine saubere Natur u.a. an den H\u00fctten: Schutzh\u00fctte Poststrasse, Schutzh\u00fctte Sattel Wal-W\u00fcsteberg, Schutzh\u00fctte Schwosdorf, Kamenzer Stra\u00dfe angebracht.<\/p>\n","protected":false},"author":1,"featured_media":0,"parent":28,"menu_order":0,"comment_status":"closed","ping_status":"closed","template":"","meta":{"footnotes":""},"class_list":["post-455","page","type-page","status-publish","hentry"],"_links":{"self":[{"href":"https:\/\/wal-wueste-berg.de\/index.php?rest_route=\/wp\/v2\/pages\/455","targetHints":{"allow":["GET"]}}],"collection":[{"href":"https:\/\/wal-wueste-berg.de\/index.php?rest_route=\/wp\/v2\/pages"}],"about":[{"href":"https:\/\/wal-wueste-berg.de\/index.php?rest_route=\/wp\/v2\/types\/page"}],"author":[{"embeddable":true,"href":"https:\/\/wal-wueste-berg.de\/index.php?rest_route=\/wp\/v2\/users\/1"}],"replies":[{"embeddable":true,"href":"https:\/\/wal-wueste-berg.de\/index.php?rest_route=%2Fwp%2Fv2%2Fcomments&post=455"}],"version-history":[{"count":1,"href":"https:\/\/wal-wueste-berg.de\/index.php?rest_route=\/wp\/v2\/pages\/455\/revisions"}],"predecessor-version":[{"id":456,"href":"https:\/\/wal-wueste-berg.de\/index.php?rest_route=\/wp\/v2\/pages\/455\/revisions\/456"}],"up":[{"embeddable":true,"href":"https:\/\/wal-wueste-berg.de\/index.php?rest_route=\/wp\/v2\/pages\/28"}],"wp:attachment":[{"href":"https:\/\/wal-wueste-berg.de\/index.php?rest_route=%2Fwp%2Fv2%2Fmedia&parent=455"}],"curies":[{"name":"wp","href":"https:\/\/api.w.org\/{rel}","templated":true}]}}