{"id":40,"date":"2020-01-18T13:04:15","date_gmt":"2020-01-18T13:04:15","guid":{"rendered":"http:\/\/wal-wueste-berg.de\/?page_id=40"},"modified":"2025-03-15T09:49:09","modified_gmt":"2025-03-15T09:49:09","slug":"links","status":"publish","type":"page","link":"https:\/\/wal-wueste-berg.de\/?page_id=40","title":{"rendered":"Links"},"content":{"rendered":"\n<p>die <a href=\"https:\/\/www.grueneliga-sachsen.de\/\">GR\u00dcNE LIGA Sachsen e.V.<\/a><\/p>\n\n\n\n<figure class=\"wp-block-image size-large\"><a href=\"https:\/\/www.grueneliga-sachsen.de\/\"><img loading=\"lazy\" decoding=\"async\" width=\"632\" height=\"125\" src=\"https:\/\/wal-wueste-berg.de\/wp-content\/uploads\/2020\/01\/Gr\u00fcne-Liga.jpg\" alt=\"\" class=\"wp-image-125\" srcset=\"https:\/\/wal-wueste-berg.de\/wp-content\/uploads\/2020\/01\/Gr\u00fcne-Liga.jpg 632w, https:\/\/wal-wueste-berg.de\/wp-content\/uploads\/2020\/01\/Gr\u00fcne-Liga-300x59.jpg 300w\" sizes=\"auto, (max-width: 632px) 100vw, 632px\" \/><\/a><\/figure>\n\n\n\n<p>__________________________________________________________________________________________________________________ <\/p>\n\n\n\n<p>Mitglied im <a href=\"https:\/\/umweltbildung-sachsen.de\/\">Netzwerk Umweltbildung Sachsen<\/a><\/p>\n\n\n\n<figure class=\"wp-block-image size-large\"><a href=\"https:\/\/umweltbildung-sachsen.de\/\"><img loading=\"lazy\" decoding=\"async\" width=\"268\" height=\"138\" src=\"https:\/\/wal-wueste-berg.de\/wp-content\/uploads\/2020\/01\/Netzwerk-Umweltbildung.jpg\" alt=\"\" class=\"wp-image-128\"\/><\/a><\/figure>\n\n\n\n<p>__________________________________________________________________________________________________________________<\/p>\n\n\n\n<p>hier k\u00f6nnt ihr f\u00fcr uns spenden: <a href=\"https:\/\/www.regionaler-als-du-denkst.de\/organization\/pro-wal-und-wuesteberg-ev\">PRO Wal- und W\u00fcsteberg e.V. &#8211; Regionaler als du denkst<\/a><\/p>\n\n\n\n<figure class=\"wp-block-image size-large\"><a href=\"https:\/\/www.regionaler-als-du-denkst.de\/organization\/pro-wal-und-wuesteberg-ev\"><img loading=\"lazy\" decoding=\"async\" width=\"1024\" height=\"384\" src=\"https:\/\/wal-wueste-berg.de\/wp-content\/uploads\/2025\/03\/Allianz_Logo_white_background-1024x384.webp\" alt=\"\" class=\"wp-image-477\" srcset=\"https:\/\/wal-wueste-berg.de\/wp-content\/uploads\/2025\/03\/Allianz_Logo_white_background-1024x384.webp 1024w, https:\/\/wal-wueste-berg.de\/wp-content\/uploads\/2025\/03\/Allianz_Logo_white_background-300x113.webp 300w, https:\/\/wal-wueste-berg.de\/wp-content\/uploads\/2025\/03\/Allianz_Logo_white_background-768x288.webp 768w, https:\/\/wal-wueste-berg.de\/wp-content\/uploads\/2025\/03\/Allianz_Logo_white_background-1536x576.webp 1536w, https:\/\/wal-wueste-berg.de\/wp-content\/uploads\/2025\/03\/Allianz_Logo_white_background-850x319.webp 850w, https:\/\/wal-wueste-berg.de\/wp-content\/uploads\/2025\/03\/Allianz_Logo_white_background.webp 2000w\" sizes=\"auto, (max-width: 1024px) 100vw, 1024px\" \/><\/a><\/figure>\n","protected":false},"excerpt":{"rendered":"<p>die GR\u00dcNE LIGA Sachsen e.V. __________________________________________________________________________________________________________________ Mitglied im Netzwerk Umweltbildung Sachsen __________________________________________________________________________________________________________________ hier k\u00f6nnt ihr f\u00fcr uns spenden: PRO Wal- und W\u00fcsteberg e.V. &#8211; Regionaler als du denkst<\/p>\n","protected":false},"author":1,"featured_media":0,"parent":0,"menu_order":0,"comment_status":"closed","ping_status":"closed","template":"","meta":{"footnotes":""},"class_list":["post-40","page","type-page","status-publish","hentry"],"_links":{"self":[{"href":"https:\/\/wal-wueste-berg.de\/index.php?rest_route=\/wp\/v2\/pages\/40","targetHints":{"allow":["GET"]}}],"collection":[{"href":"https:\/\/wal-wueste-berg.de\/index.php?rest_route=\/wp\/v2\/pages"}],"about":[{"href":"https:\/\/wal-wueste-berg.de\/index.php?rest_route=\/wp\/v2\/types\/page"}],"author":[{"embeddable":true,"href":"https:\/\/wal-wueste-berg.de\/index.php?rest_route=\/wp\/v2\/users\/1"}],"replies":[{"embeddable":true,"href":"https:\/\/wal-wueste-berg.de\/index.php?rest_route=%2Fwp%2Fv2%2Fcomments&post=40"}],"version-history":[{"count":21,"href":"https:\/\/wal-wueste-berg.de\/index.php?rest_route=\/wp\/v2\/pages\/40\/revisions"}],"predecessor-version":[{"id":479,"href":"https:\/\/wal-wueste-berg.de\/index.php?rest_route=\/wp\/v2\/pages\/40\/revisions\/479"}],"wp:attachment":[{"href":"https:\/\/wal-wueste-berg.de\/index.php?rest_route=%2Fwp%2Fv2%2Fmedia&parent=40"}],"curies":[{"name":"wp","href":"https:\/\/api.w.org\/{rel}","templated":true}]}}