{"id":36,"date":"2020-01-18T12:56:37","date_gmt":"2020-01-18T12:56:37","guid":{"rendered":"http:\/\/wal-wueste-berg.de\/?page_id=36"},"modified":"2024-03-09T11:14:48","modified_gmt":"2024-03-09T11:14:48","slug":"wal-und-wuesteberghaus","status":"publish","type":"page","link":"https:\/\/wal-wueste-berg.de\/?page_id=36","title":{"rendered":"Wal- und W\u00fcsteberghaus"},"content":{"rendered":"\n<figure class=\"wp-block-image size-large\"><img loading=\"lazy\" decoding=\"async\" width=\"1024\" height=\"768\" src=\"https:\/\/wal-wueste-berg.de\/wp-content\/uploads\/2020\/01\/P1100278-1024x768.jpg\" alt=\"\" class=\"wp-image-68\" srcset=\"https:\/\/wal-wueste-berg.de\/wp-content\/uploads\/2020\/01\/P1100278-1024x768.jpg 1024w, https:\/\/wal-wueste-berg.de\/wp-content\/uploads\/2020\/01\/P1100278-300x225.jpg 300w, https:\/\/wal-wueste-berg.de\/wp-content\/uploads\/2020\/01\/P1100278-768x576.jpg 768w, https:\/\/wal-wueste-berg.de\/wp-content\/uploads\/2020\/01\/P1100278-850x638.jpg 850w, https:\/\/wal-wueste-berg.de\/wp-content\/uploads\/2020\/01\/P1100278.jpg 1280w\" sizes=\"auto, (max-width: 1024px) 100vw, 1024px\" \/><\/figure>\n\n\n\n<figure class=\"wp-block-image size-large\"><img loading=\"lazy\" decoding=\"async\" width=\"1024\" height=\"768\" src=\"https:\/\/wal-wueste-berg.de\/wp-content\/uploads\/2020\/01\/P1100288-1024x768.jpg\" alt=\"\" class=\"wp-image-69\" srcset=\"https:\/\/wal-wueste-berg.de\/wp-content\/uploads\/2020\/01\/P1100288-1024x768.jpg 1024w, https:\/\/wal-wueste-berg.de\/wp-content\/uploads\/2020\/01\/P1100288-300x225.jpg 300w, https:\/\/wal-wueste-berg.de\/wp-content\/uploads\/2020\/01\/P1100288-768x576.jpg 768w, https:\/\/wal-wueste-berg.de\/wp-content\/uploads\/2020\/01\/P1100288-850x638.jpg 850w, https:\/\/wal-wueste-berg.de\/wp-content\/uploads\/2020\/01\/P1100288.jpg 1280w\" sizes=\"auto, (max-width: 1024px) 100vw, 1024px\" \/><\/figure>\n\n\n\n<h2 class=\"wp-block-heading\">Die Geschichte des Wal- und W\u00fcsteberghauses<\/h2>\n\n\n\n<p>&#8222;Herta&#8220; kannte jeder im Ort, sie wohnte im jetzigen Wal- und W\u00fcsteberghaus. Sie f\u00fchrte den einzigen Laden im Ort, bis sie Ende der 90er Jahre ins Altersheim kam. Danach verfiel das Geb\u00e4ude. 2004 erwarb der PRO Wal- und W\u00fcsteberg e.V. das Haus und begann mit der Sanierung. 2007 wurde die Fotovoltaikanlage auf das Dach montiert und sie liefert seitdem umweltfreundlichen Strom.<br>Heute ist das Haus auch <a href=\"https:\/\/wal-wueste-berg.de\/?page_id=34\">Herberge f\u00fcr Pilger<\/a>. Es gibt ein Zweibett- und ein Dreibettzimmer. Auf unseren Dachb\u00f6den k\u00f6nnen bis zu 18 G\u00e4ste auf Matratzen \u00fcbernachten.<br>Eine moderne Dusche ist seit 2009 eingebaut. Im Erdgeschoss befindet sich eine kleine K\u00fcche f\u00fcr die Selbstversorgung und seit 2017 eine behindertengerechte Sanit\u00e4ranlage.<br>Der Verein besitzt im Wal- und W\u00fcsteberghaus einen eigenen Brennofen und bietet T\u00f6pferkurse an.<\/p>\n\n\n\n<h2 class=\"wp-block-heading\">Die B\u00fccherzelle<\/h2>\n\n\n\n<p>Seit 2023 steht am Wal- und W\u00fcsteberghaus eine B\u00fccherzelle. Der Verein hat diese errichtet und pflegt sie.<\/p>\n\n\n\n<figure class=\"wp-block-image size-large\"><img loading=\"lazy\" decoding=\"async\" width=\"768\" height=\"1024\" src=\"https:\/\/wal-wueste-berg.de\/wp-content\/uploads\/2024\/03\/Foto-b2-768x1024.jpg\" alt=\"\" class=\"wp-image-399\" srcset=\"https:\/\/wal-wueste-berg.de\/wp-content\/uploads\/2024\/03\/Foto-b2-768x1024.jpg 768w, https:\/\/wal-wueste-berg.de\/wp-content\/uploads\/2024\/03\/Foto-b2-225x300.jpg 225w, https:\/\/wal-wueste-berg.de\/wp-content\/uploads\/2024\/03\/Foto-b2-1152x1536.jpg 1152w, https:\/\/wal-wueste-berg.de\/wp-content\/uploads\/2024\/03\/Foto-b2-300x400.jpg 300w, https:\/\/wal-wueste-berg.de\/wp-content\/uploads\/2024\/03\/Foto-b2-850x1133.jpg 850w, https:\/\/wal-wueste-berg.de\/wp-content\/uploads\/2024\/03\/Foto-b2.jpg 1536w\" sizes=\"auto, (max-width: 768px) 100vw, 768px\" \/><\/figure>\n\n\n\n<h2 class=\"wp-block-heading\">Schwosdorf und seine Sehensw\u00fcrdigkeiten<\/h2>\n\n\n\n<p>Der Pilgerweg von Kamenz nach Schwosdorf f\u00fchrt entlang der alten &#8222;Poststra\u00dfe&#8220;. Die Postmeilens\u00e4ule am Dorfeingang ist aus dem Jahr 1723. Schwosdorf wird das erste Mal um 933 erw\u00e4hnt. Der Sage nach fand am Walberg eine blutige Schlacht des K\u00f6nigs Heinrich I. gegen die Wenden statt. Umgeben von sanften H\u00fcgeln und T\u00e4lern, sticht die H\u00fcgelkette des Wal- und W\u00fcsteberges ins Auge, f\u00fcr dessen Erhalt sich der PRO Wal- und W\u00fcsteberg e.V. einsetzt. Das kleine Fl\u00fcsschen, welches den Ort durchfliesst, nennt sich Schwosdorfer Wasser.<br>Es liegt ein lieblicher Zauber \u00fcber dem Ort. Nimmt man sich die Zeit und besucht die H\u00f6fe des Ortes, entdeckt man einige Zeitzeugen aus Stein. Das Haus Nr. 15 ist ein wundersch\u00f6nes Fachwerkhaus und liebevoll restauriert. Im Geh\u00f6ft Nr. 12 steht noch ein Schleifstein im originalen Zustand und eine Steintafel am Hauseingang gibt das Jahr 1880 als Erbauungsdatum an. Wandert man weiter entlang der Landstra\u00dfe, gelangt man zur Nr. 25. Die beiden Granits\u00e4ulen stammen aus dem 17. bzw. 18. Jahrhundert. Der Wassertrog aus Granit ist vermutlich nicht so alt. Wer einen sch\u00f6nen Ausblick geniessen m\u00f6chte, der sollte sich einen Abstecher auf den Spitzberg g\u00f6nnen. Nach etwa 10 Minuten steht man auf dem kleinen Holzaussichtsturm und hat einen wundersch\u00f6nen Ausblick von Neukirch bis K\u00f6nigsbr\u00fcck. Es existiert dort sogar ein Gipfelbuch in welches man sich eintragen kann.<\/p>\n\n\n\n<h2 class=\"wp-block-heading\">Hausordnung<\/h2>\n\n\n\n<p>Die Mieter und Nutzer des\nWal- und W\u00fcsteberghauses bilden eine Hausgemeinschaft. Das\nZusammenleben in einer Hausgemeinschaft erfordert gegenseitige\nR\u00fccksichtnahme aller Mieter und Nutzer. Um ein ungest\u00f6rtes\nZusammenleben zu erreichen, ist folgende Hausordnung als\nrechtsverbindlicher Bestandteil des Nutzungs- bzw. Mietvertrages\neinzuhalten.<\/p>\n\n\n\n<p>1.\tOrdnung und Sicherheit<\/p>\n\n\n\n<p>1.1. Die Anfertigung zus\u00e4tzlicher Haus- und Zimmerschl\u00fcssel bedarf der Genehmigung durch den Vermieter. Beim Auszug sind alle Schl\u00fcssel ohne Kostenerstattung an den Vermieter zu \u00fcbergeben.<br>1.2. Der Verlust von Hausschl\u00fcsseln ist dem Vermieter anzuzeigen. Die Kosten f\u00fcr die Neuanfertigung tr\u00e4gt der Verursacher. <br>1.3. Hauseing\u00e4nge, Zufahrten, Kellerg\u00e4nge, Hausflure und Treppenaufg\u00e4nge  sind grunds\u00e4tzlich freizuhalten. Das Aufstellen von M\u00f6belst\u00fccken ist  entsprechend der  Forderungen der Feuerwehr und Rettungsdienste  verboten. F\u00fcr Sch\u00e4den, die aus der Nichtbeachtung dieser Forderungen  entstehen, haftet der betreffende Mieter bzw. Nutzer. <br>1.4. Das Rauchen ist im gesamten Haus nicht gestattet. <br>1.5. Das Lagern von feuergef\u00e4hrlichen, leicht entz\u00fcndbaren,  explosionsgef\u00e4hrdeten sowie  geruchsbel\u00e4stigenden Stoffen in den R\u00e4umen  ist verboten. <br>1.6. Bei Havarien an Elektro- und Wasserleitungen sowie Ausfall der Heizung ist der Vermieter zu verst\u00e4ndigen.<br>1.7. M\u00e4ngel, die der Mieter\/Nutzer nicht selbst verschuldet hat, sind dem Vermieter innerhalb von 3 Tagen anzuzeigen.<br>1.8. Das Licht ist beim Verlassen der R\u00e4ume auszuschalten.<br>1.9. Bei l\u00e4ngerer Abwesenheit von Mieter\/Nutzer ist der Zimmerschl\u00fcssel einer Person des Vertrauens zu \u00fcbergeben.<br>1.10. Bei Feueralarm ist das Wal- und W\u00fcsteberghaus zu verlassen. Die in  den R\u00e4umen  ausgeh\u00e4ngten Fluchtpl\u00e4ne sind unbedingt zu beachten. Die  Notausg\u00e4nge sind entsprechend gekennzeichnet. Auf gr\u00f6\u00dfte Ruhe und  Ordnung ist zu achten, damit keine Panik entsteht. Die T\u00fcren und Fenster  sind zu schlie\u00dfen.<\/p>\n\n\n\n<p>2. Sauberkeit<\/p>\n\n\n\n<p>2.1. Alle Mieter und Nutzer sind verpflichtet, auf Sauberkeit zu achten.<br>2.2. In die Toilette d\u00fcrfen keinerlei Gegenst\u00e4nde geworfen werden, die  eine Verstopfung verursachen k\u00f6nnen. F\u00fcr entstehende Sch\u00e4den haftet der  Mieter bzw. Nutzer.<br>2.3. M\u00fcll und Abf\u00e4lle sind zu sortieren und getrennt in die bereitgestellten Beh\u00e4lter zu entsorgen. Aus Fehlbef\u00fcllungen zus\u00e4tzlich entstehende Kosten werden auf die Verursacher umgelegt.<br>2.4. Bei Auftreten von Ungeziefer ist unverz\u00fcglich der Vermieter zu  verst\u00e4ndigen. Die Kosten f\u00fcr die Beseitigung von Ungeziefer tr\u00e4gt der  Mieter\/Nutzer, wenn ihm die Schuld daf\u00fcr nachgewiesen wird. <\/p>\n\n\n\n<p>3. Schlussbestimmungen<\/p>\n\n\n\n<p>3.1. Durch den Beschluss der Mitgliederversammlung des PRO Wal- und W\u00fcsteberg e.V.  tritt die Hausordnung in Kraft.<br>3.2. Die Hausordnung wird mit ihrer Inkraftsetzung verbindlicher Bestandteil des bestehenden Miet- bzw. Nutzungsvertrages.<br>3.3. Wiederholte oder grobe Verst\u00f6\u00dfe werden mit geeigneten Ma\u00dfnahmen geahndet.<br>3.4. Sollte die Aufrechterhaltung von Ordnung und Sauberkeit im Wal- und  W\u00fcsteberghaus  Ab\u00e4nderungen und Erg\u00e4nzungen dieser Hausordnung  erforderlich machen, darf der Vermieter die entsprechenden Anordnungen  treffen.<br>3.5. Mit Empfang dieser Hausordnung werden alle vorher geltenden au\u00dfer Kraft gesetzt. <\/p>\n\n\n\n<p>Sch\u00f6nteichen, den 27.06.2016<\/p>\n","protected":false},"excerpt":{"rendered":"<p>Die Geschichte des Wal- und W\u00fcsteberghauses &#8222;Herta&#8220; kannte jeder im Ort, sie wohnte im jetzigen Wal- und W\u00fcsteberghaus. Sie f\u00fchrte den einzigen Laden im Ort, bis sie Ende der 90er Jahre ins Altersheim kam. Danach verfiel das Geb\u00e4ude. 2004 erwarb der PRO Wal- und W\u00fcsteberg e.V. das Haus und begann mit der Sanierung. 2007 wurde&#8230;<\/p>\n","protected":false},"author":1,"featured_media":0,"parent":0,"menu_order":0,"comment_status":"closed","ping_status":"closed","template":"","meta":{"footnotes":""},"class_list":["post-36","page","type-page","status-publish","hentry"],"_links":{"self":[{"href":"https:\/\/wal-wueste-berg.de\/index.php?rest_route=\/wp\/v2\/pages\/36","targetHints":{"allow":["GET"]}}],"collection":[{"href":"https:\/\/wal-wueste-berg.de\/index.php?rest_route=\/wp\/v2\/pages"}],"about":[{"href":"https:\/\/wal-wueste-berg.de\/index.php?rest_route=\/wp\/v2\/types\/page"}],"author":[{"embeddable":true,"href":"https:\/\/wal-wueste-berg.de\/index.php?rest_route=\/wp\/v2\/users\/1"}],"replies":[{"embeddable":true,"href":"https:\/\/wal-wueste-berg.de\/index.php?rest_route=%2Fwp%2Fv2%2Fcomments&post=36"}],"version-history":[{"count":15,"href":"https:\/\/wal-wueste-berg.de\/index.php?rest_route=\/wp\/v2\/pages\/36\/revisions"}],"predecessor-version":[{"id":400,"href":"https:\/\/wal-wueste-berg.de\/index.php?rest_route=\/wp\/v2\/pages\/36\/revisions\/400"}],"wp:attachment":[{"href":"https:\/\/wal-wueste-berg.de\/index.php?rest_route=%2Fwp%2Fv2%2Fmedia&parent=36"}],"curies":[{"name":"wp","href":"https:\/\/api.w.org\/{rel}","templated":true}]}}