{"id":351,"date":"2024-01-21T12:24:03","date_gmt":"2024-01-21T12:24:03","guid":{"rendered":"https:\/\/wal-wueste-berg.de\/?page_id=351"},"modified":"2024-01-21T12:24:03","modified_gmt":"2024-01-21T12:24:03","slug":"vortrag-interessantes-aus-der-hoehlenforschung","status":"publish","type":"page","link":"https:\/\/wal-wueste-berg.de\/?page_id=351","title":{"rendered":"Vortrag &#8222;Interessantes aus der H\u00f6hlenforschung&#8220;"},"content":{"rendered":"\n<p>Freitag, 15. M\u00e4rz 2024 Beginn 19:00 Uhr Vortrag \u201eInteressantes aus der H\u00f6hlenforschung\u201c<\/p>\n\n\n\n<p>F\u00fcr Speis und Trank ist gesorgt und der Eintritt ist frei !<\/p>\n\n\n\n<p>An diesem Abend gehen wir mit Johannes Paul \u00fcber das Steinerne Meer und begeben uns auf eine abenteuerliche H\u00f6hlentour.<\/p>\n\n\n\n<figure class=\"wp-block-image size-full\"><img loading=\"lazy\" decoding=\"async\" width=\"724\" height=\"1024\" src=\"https:\/\/wal-wueste-berg.de\/wp-content\/uploads\/2024\/01\/IMG-20240109-WA0000-5.jpg\" alt=\"\" class=\"wp-image-352\" srcset=\"https:\/\/wal-wueste-berg.de\/wp-content\/uploads\/2024\/01\/IMG-20240109-WA0000-5.jpg 724w, https:\/\/wal-wueste-berg.de\/wp-content\/uploads\/2024\/01\/IMG-20240109-WA0000-5-212x300.jpg 212w, https:\/\/wal-wueste-berg.de\/wp-content\/uploads\/2024\/01\/IMG-20240109-WA0000-5-300x424.jpg 300w\" sizes=\"auto, (max-width: 724px) 100vw, 724px\" \/><\/figure>\n","protected":false},"excerpt":{"rendered":"<p>Freitag, 15. M\u00e4rz 2024 Beginn 19:00 Uhr Vortrag \u201eInteressantes aus der H\u00f6hlenforschung\u201c F\u00fcr Speis und Trank ist gesorgt und der Eintritt ist frei ! An diesem Abend gehen wir mit Johannes Paul \u00fcber das Steinerne Meer und begeben uns auf eine abenteuerliche H\u00f6hlentour.<\/p>\n","protected":false},"author":1,"featured_media":0,"parent":30,"menu_order":0,"comment_status":"closed","ping_status":"closed","template":"","meta":{"footnotes":""},"class_list":["post-351","page","type-page","status-publish","hentry"],"_links":{"self":[{"href":"https:\/\/wal-wueste-berg.de\/index.php?rest_route=\/wp\/v2\/pages\/351","targetHints":{"allow":["GET"]}}],"collection":[{"href":"https:\/\/wal-wueste-berg.de\/index.php?rest_route=\/wp\/v2\/pages"}],"about":[{"href":"https:\/\/wal-wueste-berg.de\/index.php?rest_route=\/wp\/v2\/types\/page"}],"author":[{"embeddable":true,"href":"https:\/\/wal-wueste-berg.de\/index.php?rest_route=\/wp\/v2\/users\/1"}],"replies":[{"embeddable":true,"href":"https:\/\/wal-wueste-berg.de\/index.php?rest_route=%2Fwp%2Fv2%2Fcomments&post=351"}],"version-history":[{"count":1,"href":"https:\/\/wal-wueste-berg.de\/index.php?rest_route=\/wp\/v2\/pages\/351\/revisions"}],"predecessor-version":[{"id":353,"href":"https:\/\/wal-wueste-berg.de\/index.php?rest_route=\/wp\/v2\/pages\/351\/revisions\/353"}],"up":[{"embeddable":true,"href":"https:\/\/wal-wueste-berg.de\/index.php?rest_route=\/wp\/v2\/pages\/30"}],"wp:attachment":[{"href":"https:\/\/wal-wueste-berg.de\/index.php?rest_route=%2Fwp%2Fv2%2Fmedia&parent=351"}],"curies":[{"name":"wp","href":"https:\/\/api.w.org\/{rel}","templated":true}]}}