{"id":334,"date":"2024-01-21T11:49:53","date_gmt":"2024-01-21T11:49:53","guid":{"rendered":"https:\/\/wal-wueste-berg.de\/?page_id=334"},"modified":"2024-01-21T11:59:16","modified_gmt":"2024-01-21T11:59:16","slug":"vortrag-zu-fuss-von-muenchen-nach-venedig","status":"publish","type":"page","link":"https:\/\/wal-wueste-berg.de\/?page_id=334","title":{"rendered":"Vortrag &#8222;Zu Fu\u00df von M\u00fcnchen nach Venedig&#8220;"},"content":{"rendered":"\n<p>Freitag, 19. Januar 2024 Beginn 19:00 Uhr Vortrag &#8222;Zu Fu\u00df von M\u00fcnchen nach Venedig&#8220;<\/p>\n\n\n\n<p>F\u00fcr Speis und Trank ist gesorgt und der Eintritt ist frei !<\/p>\n\n\n\n<p>Ren\u00e9 Hommel wanderte von M\u00fcnchen nach Venedig und erz\u00e4hlt uns von seiner spannenden Tour \u00fcber die Alpen.<\/p>\n\n\n\n<figure class=\"wp-block-image size-full\"><img loading=\"lazy\" decoding=\"async\" width=\"724\" height=\"1024\" src=\"https:\/\/wal-wueste-berg.de\/wp-content\/uploads\/2024\/01\/IMG-20240109-WA0000.jpg\" alt=\"\" class=\"wp-image-335\" srcset=\"https:\/\/wal-wueste-berg.de\/wp-content\/uploads\/2024\/01\/IMG-20240109-WA0000.jpg 724w, https:\/\/wal-wueste-berg.de\/wp-content\/uploads\/2024\/01\/IMG-20240109-WA0000-212x300.jpg 212w, https:\/\/wal-wueste-berg.de\/wp-content\/uploads\/2024\/01\/IMG-20240109-WA0000-300x424.jpg 300w\" sizes=\"auto, (max-width: 724px) 100vw, 724px\" \/><\/figure>\n","protected":false},"excerpt":{"rendered":"<p>Freitag, 19. Januar 2024 Beginn 19:00 Uhr Vortrag &#8222;Zu Fu\u00df von M\u00fcnchen nach Venedig&#8220; F\u00fcr Speis und Trank ist gesorgt und der Eintritt ist frei ! Ren\u00e9 Hommel wanderte von M\u00fcnchen nach Venedig und erz\u00e4hlt uns von seiner spannenden Tour \u00fcber die Alpen.<\/p>\n","protected":false},"author":1,"featured_media":0,"parent":30,"menu_order":0,"comment_status":"closed","ping_status":"closed","template":"","meta":{"footnotes":""},"class_list":["post-334","page","type-page","status-publish","hentry"],"_links":{"self":[{"href":"https:\/\/wal-wueste-berg.de\/index.php?rest_route=\/wp\/v2\/pages\/334","targetHints":{"allow":["GET"]}}],"collection":[{"href":"https:\/\/wal-wueste-berg.de\/index.php?rest_route=\/wp\/v2\/pages"}],"about":[{"href":"https:\/\/wal-wueste-berg.de\/index.php?rest_route=\/wp\/v2\/types\/page"}],"author":[{"embeddable":true,"href":"https:\/\/wal-wueste-berg.de\/index.php?rest_route=\/wp\/v2\/users\/1"}],"replies":[{"embeddable":true,"href":"https:\/\/wal-wueste-berg.de\/index.php?rest_route=%2Fwp%2Fv2%2Fcomments&post=334"}],"version-history":[{"count":3,"href":"https:\/\/wal-wueste-berg.de\/index.php?rest_route=\/wp\/v2\/pages\/334\/revisions"}],"predecessor-version":[{"id":345,"href":"https:\/\/wal-wueste-berg.de\/index.php?rest_route=\/wp\/v2\/pages\/334\/revisions\/345"}],"up":[{"embeddable":true,"href":"https:\/\/wal-wueste-berg.de\/index.php?rest_route=\/wp\/v2\/pages\/30"}],"wp:attachment":[{"href":"https:\/\/wal-wueste-berg.de\/index.php?rest_route=%2Fwp%2Fv2%2Fmedia&parent=334"}],"curies":[{"name":"wp","href":"https:\/\/api.w.org\/{rel}","templated":true}]}}