{"id":30,"date":"2020-01-18T12:53:54","date_gmt":"2020-01-18T12:53:54","guid":{"rendered":"http:\/\/wal-wueste-berg.de\/?page_id=30"},"modified":"2026-04-08T16:39:29","modified_gmt":"2026-04-08T16:39:29","slug":"termine","status":"publish","type":"page","link":"https:\/\/wal-wueste-berg.de\/?page_id=30","title":{"rendered":"Termine"},"content":{"rendered":"\n<p>Jeden letzten Sonntag im September veranstalten wir unser Weinfest.<\/p>\n\n\n\n<p>Offene T\u00f6pferwerkstatt: Jeden Mittwoch Vormittag 09:00 Uhr bis 13:00 Uhr und Nachmittag 15:00 Uhr bis 19:00 Uhr. Interessierte Gruppen k\u00f6nnen sich zur Abstimmung eines individuellen Termins melden.<\/p>\n\n\n\n<p>__________________________________________________________________________________________________________________ <\/p>\n\n\n\n<h2 class=\"wp-block-heading\">Bevorstehende Termine:<\/h2>\n\n\n\n<p><a href=\"https:\/\/wal-wueste-berg.de\/?page_id=610\" data-type=\"page\" data-id=\"610\">Freitag, 17. April 2026 Vortrag &#8222;Camino Primitivo&#8220;<\/a><\/p>\n\n\n\n<p>Dienstag, 05. Mai 2026 Pflanzenverkauf<\/p>\n\n\n\n<p>__________________________________________________________________________________________________________________ <\/p>\n\n\n\n<h2 class=\"wp-block-heading\">Vergangene Termine:<\/h2>\n\n\n\n<p>Sonntag, 08. M\u00e4rz 2026 Frauentagsfeier<\/p>\n\n\n\n<p><a href=\"https:\/\/wal-wueste-berg.de\/?page_id=592\" data-type=\"page\" data-id=\"592\">Freitag, 27. Februar 2026 Workshop &#8222;Teezeit im Winter&#8220;<\/a><\/p>\n\n\n\n<p><a href=\"https:\/\/wal-wueste-berg.de\/?page_id=587\" data-type=\"page\" data-id=\"587\">Sonnabend, 21. Februar 2026 Workshop &#8222;Teezeit im Winter&#8220;<\/a><\/p>\n\n\n\n<p><a href=\"https:\/\/wal-wueste-berg.de\/?page_id=581\" data-type=\"page\" data-id=\"581\">Sonntag, 15. Februar 2026 Vortrag &#8222;Hoch hinaus&#8220; &#8211; Zusatztermin<\/a><\/p>\n\n\n\n<p><a href=\"https:\/\/wal-wueste-berg.de\/?page_id=570\" data-type=\"page\" data-id=\"570\">Sonntag, 01. Februar 2026 Vortrag &#8222;Hoch hinaus&#8220;<\/a><\/p>\n\n\n\n<p><a href=\"https:\/\/wal-wueste-berg.de\/?page_id=556\" data-type=\"page\" data-id=\"556\">Mittwoch, 19. November 2025 Herbstwanderung<\/a><\/p>\n\n\n\n<p><a href=\"https:\/\/wal-wueste-berg.de\/?page_id=542\" data-type=\"page\" data-id=\"542\">Dienstag, 06. Mai 2025 Pflanzenverkauf<\/a><\/p>\n\n\n\n<p><a href=\"https:\/\/wal-wueste-berg.de\/?page_id=513\" data-type=\"page\" data-id=\"513\">Sonnabend, 12. April 2025 KLANGausZEIT<\/a><\/p>\n\n\n\n<p><a href=\"https:\/\/wal-wueste-berg.de\/?page_id=488\" data-type=\"page\" data-id=\"488\">Freitag, 11. April 2025 Workshop &#8222;Mit der Kraft der Fr\u00fchlingskr\u00e4uter in Schwung kommen&#8220;<\/a><\/p>\n\n\n\n<p><a href=\"https:\/\/wal-wueste-berg.de\/?page_id=507\" data-type=\"page\" data-id=\"507\">Dienstag, 08. April 2025 Erleben Sie einen duften \u00d6labend!<\/a><\/p>\n\n\n\n<p><a href=\"https:\/\/wal-wueste-berg.de\/?page_id=499\" data-type=\"page\" data-id=\"499\">Sonntag, 06. April 2025 Wir wandern dem Fr\u00fchling entgegen<\/a><\/p>\n\n\n\n<p><a href=\"https:\/\/wal-wueste-berg.de\/?page_id=520\" data-type=\"page\" data-id=\"520\">Sonnabend, 05. April 2025 Einfach anziehend! Magnetschmuck und Wellness<\/a><\/p>\n\n\n\n<p>Sonnabend, 08. M\u00e4rz 2025 Frauentagsparty<\/p>\n\n\n\n<p><a href=\"https:\/\/wal-wueste-berg.de\/?page_id=444\" data-type=\"page\" data-id=\"444\">Freitag, 21. Februar 2025 Vortrag &#8222;Anke Nadoll war dann mal weg&#8230;&#8220;<\/a><\/p>\n\n\n\n<p><a href=\"https:\/\/wal-wueste-berg.de\/?page_id=440\">Freitag, 24. Januar 2025 Vortrag &#8222;Mit Thomas Hein bewegen wir uns auf schmalen Spuren&#8220;<\/a><\/p>\n\n\n\n<p><a href=\"https:\/\/wal-wueste-berg.de\/?page_id=436\">Freitag, 10. Januar 2025 Vortrag &#8222;Auf dem Gl\u00fccksweg mit Kerstin Boden&#8220;<\/a><\/p>\n\n\n\n<p>Mittwoch, 11. Dezember 2024 Offener Adventskalender<\/p>\n\n\n\n<p><a href=\"https:\/\/wal-wueste-berg.de\/?page_id=421\" data-type=\"page\" data-id=\"421\">Dienstag, 19. November 2024 Workshop &#8222;Die Kraft der Kr\u00e4uter, Str\u00e4ucher und Fr\u00fcchte f\u00fcr den Winter nutzen&#8220;<\/a><\/p>\n\n\n\n<p><a href=\"https:\/\/wal-wueste-berg.de\/?page_id=415\" data-type=\"page\" data-id=\"415\">Freitag, 15. November 2024 Vortrag &#8222;Japan &#8211; Das Land der aufgehenden Sonne&#8220;<\/a><\/p>\n\n\n\n<p><a href=\"https:\/\/wal-wueste-berg.de\/?page_id=409\" data-type=\"page\" data-id=\"409\">Sonntag, 10. November 2024 Wasser-, Wald- und Wiesenwanderung<\/a><\/p>\n\n\n\n<p>Sonntag, 29. September 2024 Weinfest<\/p>\n\n\n\n<p><a href=\"https:\/\/wal-wueste-berg.de\/?page_id=351\">Freitag, 15. M\u00e4rz 2024 Vortrag &#8222;Interessantes aus der H\u00f6hlenforschung&#8220;<\/a><\/p>\n\n\n\n<p><a href=\"https:\/\/wal-wueste-berg.de\/?page_id=347\">Freitag, 16. Februar 2024 Vortrag &#8222;Bis ans andere Ende der Welt&#8220;<\/a><\/p>\n\n\n\n<p><a href=\"https:\/\/wal-wueste-berg.de\/?page_id=338\">Freitag, 02. Februar 2024 Vortrag &#8222;Schwosdorfer Geschichten&#8220;<\/a><\/p>\n\n\n\n<p><a href=\"https:\/\/wal-wueste-berg.de\/?page_id=334\">Freitag, 19. Januar 2024 Vortrag &#8222;Zu Fu\u00df von M\u00fcnchen nach Venedig&#8220;<\/a><\/p>\n\n\n\n<p>__________________________________________________________________________________________________________________<\/p>\n\n\n\n<p><a href=\"https:\/\/wal-wueste-berg.de\/?page_id=528\" data-type=\"page\" data-id=\"528\">A<strong>rchivierte Termine<\/strong><\/a><\/p>\n\n\n\n<p><\/p>\n","protected":false},"excerpt":{"rendered":"<p>Jeden letzten Sonntag im September veranstalten wir unser Weinfest. Offene T\u00f6pferwerkstatt: Jeden Mittwoch Vormittag 09:00 Uhr bis 13:00 Uhr und Nachmittag 15:00 Uhr bis 19:00 Uhr. Interessierte Gruppen k\u00f6nnen sich zur Abstimmung eines individuellen Termins melden. __________________________________________________________________________________________________________________ Bevorstehende Termine: Freitag, 17. April 2026 Vortrag &#8222;Camino Primitivo&#8220; Dienstag, 05. Mai 2026 Pflanzenverkauf __________________________________________________________________________________________________________________ Vergangene Termine: Sonntag,&#8230;<\/p>\n","protected":false},"author":1,"featured_media":0,"parent":0,"menu_order":0,"comment_status":"closed","ping_status":"closed","template":"","meta":{"footnotes":""},"class_list":["post-30","page","type-page","status-publish","hentry"],"_links":{"self":[{"href":"https:\/\/wal-wueste-berg.de\/index.php?rest_route=\/wp\/v2\/pages\/30","targetHints":{"allow":["GET"]}}],"collection":[{"href":"https:\/\/wal-wueste-berg.de\/index.php?rest_route=\/wp\/v2\/pages"}],"about":[{"href":"https:\/\/wal-wueste-berg.de\/index.php?rest_route=\/wp\/v2\/types\/page"}],"author":[{"embeddable":true,"href":"https:\/\/wal-wueste-berg.de\/index.php?rest_route=\/wp\/v2\/users\/1"}],"replies":[{"embeddable":true,"href":"https:\/\/wal-wueste-berg.de\/index.php?rest_route=%2Fwp%2Fv2%2Fcomments&post=30"}],"version-history":[{"count":93,"href":"https:\/\/wal-wueste-berg.de\/index.php?rest_route=\/wp\/v2\/pages\/30\/revisions"}],"predecessor-version":[{"id":613,"href":"https:\/\/wal-wueste-berg.de\/index.php?rest_route=\/wp\/v2\/pages\/30\/revisions\/613"}],"wp:attachment":[{"href":"https:\/\/wal-wueste-berg.de\/index.php?rest_route=%2Fwp%2Fv2%2Fmedia&parent=30"}],"curies":[{"name":"wp","href":"https:\/\/api.w.org\/{rel}","templated":true}]}}