{"id":28,"date":"2020-01-18T12:53:30","date_gmt":"2020-01-18T12:53:30","guid":{"rendered":"http:\/\/wal-wueste-berg.de\/?page_id=28"},"modified":"2025-03-15T09:58:18","modified_gmt":"2025-03-15T09:58:18","slug":"aktuelles","status":"publish","type":"page","link":"https:\/\/wal-wueste-berg.de\/?page_id=28","title":{"rendered":"Aktuelles"},"content":{"rendered":"\n<p>Wir nehmen jetzt am F\u00f6rderprogramm &#8222;Allianz &#8211; Regionaler als du denkst&#8220; teil.<\/p>\n\n\n\n<p><a href=\"https:\/\/www.regionaler-als-du-denkst.de\/organization\/pro-wal-und-wuesteberg-ev\">PRO Wal- und W\u00fcsteberg e.V. &#8211; Regionaler als du denkst<\/a><\/p>\n\n\n\n<p>Mit der Spendenaktion \u201eRegionaler als du denkst\u201c setzt die Allianz Deutschland AG eine bundesweite Spendenkampagne um, bei der gemeinn\u00fctzige Organisationen \u00fcber verschiedene Aktionen finanziell unterst\u00fctzt werden.<\/p>\n\n\n\n<p>__________________________________________________________________________________________________________________<\/p>\n\n\n\n<p><strong>NEU! Offene T\u00f6pferwerkstatt<\/strong><\/p>\n\n\n\n<p>jeden Mittwoch Vormittag 09:00 Uhr bis 13:00 Uhr und Nachmittag 15:00 Uhr bis 19:00 Uhr<\/p>\n\n\n\n<p>Kosteninformation: pro T\u00f6pfererlebnis\/Person 5 Euro + Materialkosten<\/p>\n\n\n\n<p>E-Mail: <a href=\"mailto:toepferstube@wal-wueste-berg.de\">toepferstube@wal-wueste-berg.de<\/a><\/p>\n\n\n\n<figure class=\"wp-block-image size-large\"><img loading=\"lazy\" decoding=\"async\" width=\"1024\" height=\"726\" src=\"https:\/\/wal-wueste-berg.de\/wp-content\/uploads\/2025\/02\/1_20250129_141757_0000-1024x726.jpg\" alt=\"\" class=\"wp-image-459\" srcset=\"https:\/\/wal-wueste-berg.de\/wp-content\/uploads\/2025\/02\/1_20250129_141757_0000-1024x726.jpg 1024w, https:\/\/wal-wueste-berg.de\/wp-content\/uploads\/2025\/02\/1_20250129_141757_0000-300x213.jpg 300w, https:\/\/wal-wueste-berg.de\/wp-content\/uploads\/2025\/02\/1_20250129_141757_0000-768x545.jpg 768w, https:\/\/wal-wueste-berg.de\/wp-content\/uploads\/2025\/02\/1_20250129_141757_0000-1536x1090.jpg 1536w, https:\/\/wal-wueste-berg.de\/wp-content\/uploads\/2025\/02\/1_20250129_141757_0000-850x603.jpg 850w, https:\/\/wal-wueste-berg.de\/wp-content\/uploads\/2025\/02\/1_20250129_141757_0000.jpg 1748w\" sizes=\"auto, (max-width: 1024px) 100vw, 1024px\" \/><\/figure>\n\n\n\n<figure class=\"wp-block-image size-large\"><img loading=\"lazy\" decoding=\"async\" width=\"1024\" height=\"726\" src=\"https:\/\/wal-wueste-berg.de\/wp-content\/uploads\/2025\/02\/2_20250129_141757_0001-1024x726.jpg\" alt=\"\" class=\"wp-image-460\" srcset=\"https:\/\/wal-wueste-berg.de\/wp-content\/uploads\/2025\/02\/2_20250129_141757_0001-1024x726.jpg 1024w, https:\/\/wal-wueste-berg.de\/wp-content\/uploads\/2025\/02\/2_20250129_141757_0001-300x213.jpg 300w, https:\/\/wal-wueste-berg.de\/wp-content\/uploads\/2025\/02\/2_20250129_141757_0001-768x545.jpg 768w, https:\/\/wal-wueste-berg.de\/wp-content\/uploads\/2025\/02\/2_20250129_141757_0001-1536x1090.jpg 1536w, https:\/\/wal-wueste-berg.de\/wp-content\/uploads\/2025\/02\/2_20250129_141757_0001-850x603.jpg 850w, https:\/\/wal-wueste-berg.de\/wp-content\/uploads\/2025\/02\/2_20250129_141757_0001.jpg 1748w\" sizes=\"auto, (max-width: 1024px) 100vw, 1024px\" \/><\/figure>\n\n\n\n<p>__________________________________________________________________________________________________________________<\/p>\n\n\n\n<p>Im Januar\/Februar 2024 haben Mitglieder des Vereins Tafeln <a href=\"https:\/\/wal-wueste-berg.de\/?page_id=455\" data-type=\"page\" data-id=\"455\">f\u00fcr eine saubere Natur<\/a> u.a. an den H\u00fctten: Schutzh\u00fctte Poststrasse, Schutzh\u00fctte Sattel Wal-W\u00fcsteberg, Schutzh\u00fctte Schwosdorf, Kamenzer Stra\u00dfe angebracht.<\/p>\n\n\n\n<p>__________________________________________________________________________________________________________________<\/p>\n\n\n\n<p>Auf seiner Mitgliederversammlung am 26. Oktober 2020 hat der PRO Wal- und W\u00fcsteberg e.V. beschlossen die <a href=\"https:\/\/wal-wueste-berg.de\/?page_id=216\">&#8222;Erfurter Erkl\u00e4rung&#8220; zum Gesteinsabbau<\/a> zu unterzeichnen.<\/p>\n\n\n\n<p>__________________________________________________________________________________________________________________<\/p>\n\n\n\n<p>Brief des Vereins vom 12. Januar 2019 an den Kreistag Bautzen zur  Neufestsetzung des Trinkwasserschutzgebietes &#8222;Kamenz-L\u00fcckersdorf&#8220;<\/p>\n\n\n\n<div class=\"wp-block-file\"><a id=\"wp-block-file--media-86e642f9-5100-413b-93a2-c43898e28102\" href=\"https:\/\/wal-wueste-berg.de\/wp-content\/uploads\/2020\/01\/Unterst\u00fctzung-PRO-Wal-und-W\u00fcsteberg-e.V..pdf\">Unterst\u00fctzung-PRO-Wal-und-W\u00fcsteberg-e.V.<\/a><a href=\"https:\/\/wal-wueste-berg.de\/wp-content\/uploads\/2020\/01\/Unterst\u00fctzung-PRO-Wal-und-W\u00fcsteberg-e.V..pdf\" class=\"wp-block-file__button wp-element-button\" download aria-describedby=\"wp-block-file--media-86e642f9-5100-413b-93a2-c43898e28102\">Herunterladen<\/a><\/div>\n\n\n\n<p><\/p>\n","protected":false},"excerpt":{"rendered":"<p>Wir nehmen jetzt am F\u00f6rderprogramm &#8222;Allianz &#8211; Regionaler als du denkst&#8220; teil. PRO Wal- und W\u00fcsteberg e.V. &#8211; Regionaler als du denkst Mit der Spendenaktion \u201eRegionaler als du denkst\u201c setzt die Allianz Deutschland AG eine bundesweite Spendenkampagne um, bei der gemeinn\u00fctzige Organisationen \u00fcber verschiedene Aktionen finanziell unterst\u00fctzt werden. __________________________________________________________________________________________________________________ NEU! Offene T\u00f6pferwerkstatt jeden Mittwoch Vormittag&#8230;<\/p>\n","protected":false},"author":1,"featured_media":0,"parent":0,"menu_order":0,"comment_status":"closed","ping_status":"closed","template":"","meta":{"footnotes":""},"class_list":["post-28","page","type-page","status-publish","hentry"],"_links":{"self":[{"href":"https:\/\/wal-wueste-berg.de\/index.php?rest_route=\/wp\/v2\/pages\/28","targetHints":{"allow":["GET"]}}],"collection":[{"href":"https:\/\/wal-wueste-berg.de\/index.php?rest_route=\/wp\/v2\/pages"}],"about":[{"href":"https:\/\/wal-wueste-berg.de\/index.php?rest_route=\/wp\/v2\/types\/page"}],"author":[{"embeddable":true,"href":"https:\/\/wal-wueste-berg.de\/index.php?rest_route=\/wp\/v2\/users\/1"}],"replies":[{"embeddable":true,"href":"https:\/\/wal-wueste-berg.de\/index.php?rest_route=%2Fwp%2Fv2%2Fcomments&post=28"}],"version-history":[{"count":27,"href":"https:\/\/wal-wueste-berg.de\/index.php?rest_route=\/wp\/v2\/pages\/28\/revisions"}],"predecessor-version":[{"id":482,"href":"https:\/\/wal-wueste-berg.de\/index.php?rest_route=\/wp\/v2\/pages\/28\/revisions\/482"}],"wp:attachment":[{"href":"https:\/\/wal-wueste-berg.de\/index.php?rest_route=%2Fwp%2Fv2%2Fmedia&parent=28"}],"curies":[{"name":"wp","href":"https:\/\/api.w.org\/{rel}","templated":true}]}}