{"id":25,"date":"2020-01-18T12:51:48","date_gmt":"2020-01-18T12:51:48","guid":{"rendered":"http:\/\/wal-wueste-berg.de\/?page_id=25"},"modified":"2023-07-27T18:08:48","modified_gmt":"2023-07-27T18:08:48","slug":"kontakt","status":"publish","type":"page","link":"https:\/\/wal-wueste-berg.de\/?page_id=25","title":{"rendered":"Kontakt"},"content":{"rendered":"\n<p>Anschrift:<br><br>PRO Wal- und W\u00fcsteberg e.V.<br>Landstra\u00dfe 28<br>OT Schwosdorf<br>01917 Kamenz<br><br>Vereinsvorsitzender: Mathias Esche<br><br>E-Mail: info@wal-wueste-berg.de<br><br>Ansprechpartner f\u00fcr Pilger: Claudia Zickler<br><br>Pilgertelefon: 01522 7034531<\/p>\n\n\n\n<p>__________________________________________________________________________________________________________________ <\/p>\n\n\n\n<p>Unterst\u00fctzen Sie unsere Arbeit durch eine Spende<br><br>Bankverbindung\/Spendenkonto:<br><br>Volksbank Dresden-Bautzen eG<br>BIC: GENODEF1DRS<br>IBAN: DE54 8509 0000 5164 4910 15<br><br>Bitte auf der \u00dcberweisung unbedingt die Adresse angeben, damit wir die  Spende annehmen und eine Spendenquittung ausstellen k\u00f6nnen. <\/p>\n","protected":false},"excerpt":{"rendered":"<p>Anschrift: PRO Wal- und W\u00fcsteberg e.V.Landstra\u00dfe 28OT Schwosdorf01917 Kamenz Vereinsvorsitzender: Mathias Esche E-Mail: info@wal-wueste-berg.de Ansprechpartner f\u00fcr Pilger: Claudia Zickler Pilgertelefon: 01522 7034531 __________________________________________________________________________________________________________________ Unterst\u00fctzen Sie unsere Arbeit durch eine Spende Bankverbindung\/Spendenkonto: Volksbank Dresden-Bautzen eGBIC: GENODEF1DRSIBAN: DE54 8509 0000 5164 4910 15 Bitte auf der \u00dcberweisung unbedingt die Adresse angeben, damit wir die Spende annehmen und&#8230;<\/p>\n","protected":false},"author":1,"featured_media":0,"parent":0,"menu_order":0,"comment_status":"closed","ping_status":"closed","template":"","meta":{"footnotes":""},"class_list":["post-25","page","type-page","status-publish","hentry"],"_links":{"self":[{"href":"https:\/\/wal-wueste-berg.de\/index.php?rest_route=\/wp\/v2\/pages\/25","targetHints":{"allow":["GET"]}}],"collection":[{"href":"https:\/\/wal-wueste-berg.de\/index.php?rest_route=\/wp\/v2\/pages"}],"about":[{"href":"https:\/\/wal-wueste-berg.de\/index.php?rest_route=\/wp\/v2\/types\/page"}],"author":[{"embeddable":true,"href":"https:\/\/wal-wueste-berg.de\/index.php?rest_route=\/wp\/v2\/users\/1"}],"replies":[{"embeddable":true,"href":"https:\/\/wal-wueste-berg.de\/index.php?rest_route=%2Fwp%2Fv2%2Fcomments&post=25"}],"version-history":[{"count":6,"href":"https:\/\/wal-wueste-berg.de\/index.php?rest_route=\/wp\/v2\/pages\/25\/revisions"}],"predecessor-version":[{"id":287,"href":"https:\/\/wal-wueste-berg.de\/index.php?rest_route=\/wp\/v2\/pages\/25\/revisions\/287"}],"wp:attachment":[{"href":"https:\/\/wal-wueste-berg.de\/index.php?rest_route=%2Fwp%2Fv2%2Fmedia&parent=25"}],"curies":[{"name":"wp","href":"https:\/\/api.w.org\/{rel}","templated":true}]}}