{"id":234,"date":"2020-12-13T12:44:54","date_gmt":"2020-12-13T12:44:54","guid":{"rendered":"http:\/\/wal-wueste-berg.de\/?page_id=234"},"modified":"2020-12-13T13:36:13","modified_gmt":"2020-12-13T13:36:13","slug":"medien","status":"publish","type":"page","link":"https:\/\/wal-wueste-berg.de\/?page_id=234","title":{"rendered":"Medien"},"content":{"rendered":"\n<p><strong>Medienbeitr\u00e4ge zum Thema Wal- und W\u00fcsteberg:<\/strong><\/p>\n\n\n<hr \/>\n<p>S\u00e4chsische Zeitung 18. November 2000<\/p>\n<h2 id=\"block-df03796c-1f2b-4929-99cd-e33eb9af5fbd\" class=\"block-editor-rich-text__editable block-editor-block-list__block wp-block is-selected rich-text\" tabindex=\"0\" role=\"group\" contenteditable=\"true\" aria-multiline=\"true\" aria-label=\"Block: \u00dcberschrift\" data-block=\"df03796c-1f2b-4929-99cd-e33eb9af5fbd\" data-type=\"core\/heading\" data-title=\"\u00dcberschrift\">Spuken am Walberg noch immer die Toten?<\/h2>\n<p>von Sylvia Ottenberg<br data-rich-text-line-break=\"true\" \/><br data-rich-text-line-break=\"true\" \/><strong>Historische Spurensuche in den Bergen<\/strong><br data-rich-text-line-break=\"true\" \/><br data-rich-text-line-break=\"true\" \/>Blutig soll es im Jahre 932 am Walberg zugegangen sein, berichtet eine Sage, als Heinrich der Erste mit seinen Panzerreitern gegen die Milzener (Slawen) zog, die eine Burganlage auf dem Berg verteidigten. Heinrich siegte, der Weg zur Bautzener Ortenburg war frei. Die Milzener mussten fortan Tribut an die Deutschen zahlen: Tuche, Weizen, Honig, Fleisch. <a href=\"https:\/\/wal-wueste-berg.de\/?page_id=238\">vollst\u00e4ndiger Artikel<\/a><\/p>","protected":false},"excerpt":{"rendered":"<p>Medienbeitr\u00e4ge zum Thema Wal- und W\u00fcsteberg: S\u00e4chsische Zeitung 18. November 2000 Spuken am Walberg noch immer die Toten? von Sylvia OttenbergHistorische Spurensuche in den BergenBlutig soll es im Jahre 932 am Walberg zugegangen sein, berichtet eine Sage, als Heinrich der Erste mit seinen Panzerreitern gegen die Milzener (Slawen) zog, die eine Burganlage auf dem Berg&#8230;<\/p>\n","protected":false},"author":1,"featured_media":0,"parent":0,"menu_order":0,"comment_status":"closed","ping_status":"closed","template":"","meta":{"footnotes":""},"class_list":["post-234","page","type-page","status-publish","hentry"],"_links":{"self":[{"href":"https:\/\/wal-wueste-berg.de\/index.php?rest_route=\/wp\/v2\/pages\/234","targetHints":{"allow":["GET"]}}],"collection":[{"href":"https:\/\/wal-wueste-berg.de\/index.php?rest_route=\/wp\/v2\/pages"}],"about":[{"href":"https:\/\/wal-wueste-berg.de\/index.php?rest_route=\/wp\/v2\/types\/page"}],"author":[{"embeddable":true,"href":"https:\/\/wal-wueste-berg.de\/index.php?rest_route=\/wp\/v2\/users\/1"}],"replies":[{"embeddable":true,"href":"https:\/\/wal-wueste-berg.de\/index.php?rest_route=%2Fwp%2Fv2%2Fcomments&post=234"}],"version-history":[{"count":7,"href":"https:\/\/wal-wueste-berg.de\/index.php?rest_route=\/wp\/v2\/pages\/234\/revisions"}],"predecessor-version":[{"id":256,"href":"https:\/\/wal-wueste-berg.de\/index.php?rest_route=\/wp\/v2\/pages\/234\/revisions\/256"}],"wp:attachment":[{"href":"https:\/\/wal-wueste-berg.de\/index.php?rest_route=%2Fwp%2Fv2%2Fmedia&parent=234"}],"curies":[{"name":"wp","href":"https:\/\/api.w.org\/{rel}","templated":true}]}}