{"id":198,"date":"2020-04-11T09:22:12","date_gmt":"2020-04-11T09:22:12","guid":{"rendered":"http:\/\/wal-wueste-berg.de\/?page_id=198"},"modified":"2024-01-21T11:43:07","modified_gmt":"2024-01-21T11:43:07","slug":"eselwanderung-2020","status":"publish","type":"page","link":"https:\/\/wal-wueste-berg.de\/?page_id=198","title":{"rendered":"Abgesagt &#8211; EselWanderung 2020"},"content":{"rendered":"\n<p>EselWanderung 2020 von Bautzen nach K\u00f6nigsbr\u00fcck<br><br>08.08. bis 14.08.2020<br><br><strong>Ein Aktivurlaub in einer kleinen Gruppe bis 12 Personen<\/strong><br>Zwei Langohren scharren schon ungeduldig mit den Hufen, weil sie wissen, was jedes Jahr im Juli beginnt. Ein unglaubliches Abenteuer zwischen Bautzen und K\u00f6nigsbr\u00fcck. Bereits zum wiederholten Mal wollen sie sich nun aufmachen um eine Woche lang auf der \u00bbVia Regia\u00ab zu wandern. Eine Woche Natur, Abenteuer und verr\u00fcckte Eseleien. Doch sie wollen nicht alleine wandern.<br><br><strong>Vielleicht habt Ihr Lust sie zu begleiten?<\/strong><br>\u200bBaden in wilden Wassern, Kr\u00e4uter sammeln und das eigene S\u00fcppchen kochen und genie\u00dfen. Danach k\u00f6nnt Ihr einfach umfallen um die Sterne zu z\u00e4hlen und zufrieden einschlafen. Morgens geht es dann frisch gest\u00e4rkt weiter um den V\u00f6geln zu lauschen und Tierspuren zu entdecken. Wollt Ihr Euch auch mal gem\u00fctlich an die Vierbeiner kuscheln und ihnen das Fell striegeln? Dann kommt mit uns!<\/p>\n\n\n\n<p><a href=\"http:\/\/www.rabenweisheit.de\/eselwanderung\">www.rabenweisheit.de\/eselwanderung<\/a><\/p>\n\n\n\n<p>Tim Blaube&nbsp; Telefon +49 157 77 23 45 82 oder <a href=\"mailto:rabenweisheit@posteo.de\">rabenweisheit@posteo.de<\/a><\/p>\n\n\n\n<figure class=\"wp-block-image size-large\"><img loading=\"lazy\" decoding=\"async\" width=\"1024\" height=\"768\" src=\"https:\/\/wal-wueste-berg.de\/wp-content\/uploads\/2020\/04\/Esel2-1024x768.jpg\" alt=\"\" class=\"wp-image-201\" srcset=\"https:\/\/wal-wueste-berg.de\/wp-content\/uploads\/2020\/04\/Esel2-1024x768.jpg 1024w, https:\/\/wal-wueste-berg.de\/wp-content\/uploads\/2020\/04\/Esel2-300x225.jpg 300w, https:\/\/wal-wueste-berg.de\/wp-content\/uploads\/2020\/04\/Esel2-768x576.jpg 768w, https:\/\/wal-wueste-berg.de\/wp-content\/uploads\/2020\/04\/Esel2-1536x1152.jpg 1536w, https:\/\/wal-wueste-berg.de\/wp-content\/uploads\/2020\/04\/Esel2-2048x1536.jpg 2048w, https:\/\/wal-wueste-berg.de\/wp-content\/uploads\/2020\/04\/Esel2-850x638.jpg 850w\" sizes=\"auto, (max-width: 1024px) 100vw, 1024px\" \/><\/figure>\n\n\n\n<div class=\"wp-block-file\"><a id=\"wp-block-file--media-ab78ee5a-129d-4226-9348-a1e2f2671f1b\" href=\"https:\/\/wal-wueste-berg.de\/wp-content\/uploads\/2020\/04\/200323_007_rabenweisheit_aushang_2020_297x2101_rozum_PRINT.pdf\">Flyer<\/a><a href=\"https:\/\/wal-wueste-berg.de\/wp-content\/uploads\/2020\/04\/200323_007_rabenweisheit_aushang_2020_297x2101_rozum_PRINT.pdf\" class=\"wp-block-file__button wp-element-button\" download aria-describedby=\"wp-block-file--media-ab78ee5a-129d-4226-9348-a1e2f2671f1b\">Herunterladen<\/a><\/div>\n\n\n\n<p><\/p>\n","protected":false},"excerpt":{"rendered":"<p>EselWanderung 2020 von Bautzen nach K\u00f6nigsbr\u00fcck 08.08. bis 14.08.2020 Ein Aktivurlaub in einer kleinen Gruppe bis 12 PersonenZwei Langohren scharren schon ungeduldig mit den Hufen, weil sie wissen, was jedes Jahr im Juli beginnt. Ein unglaubliches Abenteuer zwischen Bautzen und K\u00f6nigsbr\u00fcck. Bereits zum wiederholten Mal wollen sie sich nun aufmachen um eine Woche lang auf&#8230;<\/p>\n","protected":false},"author":1,"featured_media":0,"parent":30,"menu_order":0,"comment_status":"closed","ping_status":"closed","template":"","meta":{"footnotes":""},"class_list":["post-198","page","type-page","status-publish","hentry"],"_links":{"self":[{"href":"https:\/\/wal-wueste-berg.de\/index.php?rest_route=\/wp\/v2\/pages\/198","targetHints":{"allow":["GET"]}}],"collection":[{"href":"https:\/\/wal-wueste-berg.de\/index.php?rest_route=\/wp\/v2\/pages"}],"about":[{"href":"https:\/\/wal-wueste-berg.de\/index.php?rest_route=\/wp\/v2\/types\/page"}],"author":[{"embeddable":true,"href":"https:\/\/wal-wueste-berg.de\/index.php?rest_route=\/wp\/v2\/users\/1"}],"replies":[{"embeddable":true,"href":"https:\/\/wal-wueste-berg.de\/index.php?rest_route=%2Fwp%2Fv2%2Fcomments&post=198"}],"version-history":[{"count":5,"href":"https:\/\/wal-wueste-berg.de\/index.php?rest_route=\/wp\/v2\/pages\/198\/revisions"}],"predecessor-version":[{"id":332,"href":"https:\/\/wal-wueste-berg.de\/index.php?rest_route=\/wp\/v2\/pages\/198\/revisions\/332"}],"up":[{"embeddable":true,"href":"https:\/\/wal-wueste-berg.de\/index.php?rest_route=\/wp\/v2\/pages\/30"}],"wp:attachment":[{"href":"https:\/\/wal-wueste-berg.de\/index.php?rest_route=%2Fwp%2Fv2%2Fmedia&parent=198"}],"curies":[{"name":"wp","href":"https:\/\/api.w.org\/{rel}","templated":true}]}}