{"id":19,"date":"2020-01-18T12:31:25","date_gmt":"2020-01-18T12:31:25","guid":{"rendered":"http:\/\/wal-wueste-berg.de\/?page_id=19"},"modified":"2020-01-19T15:40:30","modified_gmt":"2020-01-19T15:40:30","slug":"impressum","status":"publish","type":"page","link":"https:\/\/wal-wueste-berg.de\/?page_id=19","title":{"rendered":"Impressum"},"content":{"rendered":"\n<p>Angaben gem\u00e4\u00df \u00a7 5 Telemediengesetz (TMG):<br><br>Dieses Internetangebot wird unterhalten von<br><br>PRO Wal- und W\u00fcsteberg e.V.<br>Landstra\u00dfe 28<br>OT Schwosdorf<br>01917 Kamenz<br><br>Inhaltlich Verantwortlicher: Falk R\u00fcmmler<\/p>\n\n\n\n<p>Kontakt:<\/p>\n\n\n\n<p>E-Mail: webmaster@wal-wueste-berg.de<\/p>\n\n\n\n<p>Steuernummer: 213\/143\/10222<\/p>\n\n\n\n<p> Registereintrag:<br> Eintragung im Vereinsregister.<br> Registergericht: Amtsgericht Dresden<br> Registernummer: VR 8724<\/p>\n\n\n\n<p>Hosting:<br>STRATO AG<br>Pascalstra\u00dfe 10<br>10587 Berlin<\/p>\n\n\n\n<p>Haftungsausschluss<\/p>\n\n\n\n<p>Haftung f\u00fcr Inhalte <\/p>\n\n\n\n<p>Als Diensteanbieter sind wir gem\u00e4\u00df \u00a7 7 Abs.1 TMG f\u00fcr eigene Inhalte auf diesen Seiten nach den allgemeinen Gesetzen verantwortlich. Nach \u00a7\u00a7 8 bis 10 TMG sind wir als Diensteanbieter jedoch nicht verpflichtet, \u00fcbermittelte oder gespeicherte fremde Informationen zu \u00fcberwachen oder nach Umst\u00e4nden zu forschen, die auf eine rechtswidrige T\u00e4tigkeit hinweisen. Verpflichtungen zur Entfernung oder Sperrung der Nutzung von Informationen nach den allgemeinen Gesetzen bleiben hiervon unber\u00fchrt. Eine diesbez\u00fcgliche Haftung ist jedoch erst ab dem Zeitpunkt der Kenntnis einer konkreten Rechtsverletzung m\u00f6glich. Bei Bekanntwerden von entsprechenden Rechtsverletzungen werden wir diese Inhalte umgehend entfernen.<\/p>\n\n\n\n<p>Haftung f\u00fcr Links<\/p>\n\n\n\n<p>Unser Angebot enth\u00e4lt Links zu externen Webseiten Dritter, auf deren  Inhalte wir keinen Einfluss haben. Deshalb k\u00f6nnen wir f\u00fcr diese fremden  Inhalte auch keine Gew\u00e4hr \u00fcbernehmen. F\u00fcr die Inhalte der verlinkten  Seiten ist stets der jeweilige Anbieter oder Betreiber der Seiten  verantwortlich. Die verlinkten Seiten wurden zum Zeitpunkt der  Verlinkung auf m\u00f6gliche Rechtsverst\u00f6\u00dfe \u00fcberpr\u00fcft. Rechtswidrige Inhalte  waren zum Zeitpunkt der Verlinkung nicht erkennbar. Eine permanente  inhaltliche Kontrolle der verlinkten Seiten ist jedoch ohne konkrete  Anhaltspunkte einer Rechtsverletzung nicht zumutbar. Bei bekannt werden  von Rechtsverletzungen werden wir derartige Links umgehend entfernen. <\/p>\n\n\n\n<p>Urheberrecht<\/p>\n\n\n\n<p>Die durch den Seitenbetreiber erstellten Inhalte und Werke auf diesen Seiten unterliegen dem deutschen Urheberrecht. Die Vervielf\u00e4ltigung, Bearbeitung, Verbreitung und jede Art der Verwertung au\u00dferhalb der Grenzen des Urheberrechtes bed\u00fcrfen der schriftlichen Zustimmung des jeweiligen Autors bzw. Erstellers. Downloads und Kopien dieser Seite sind nur f\u00fcr den privaten, nicht kommerziellen Gebrauch gestattet. Soweit die Inhalte auf dieser Seite nicht vom Betreiber erstellt wurden, werden die Urheberrechte Dritter beachtet. Insbesondere werden Inhalte Dritter als solche gekennzeichnet. Sollten Sie trotzdem auf eine Urheberrechtsverletzung aufmerksam werden, bitten wir um einen entsprechenden Hinweis. Bei Bekanntwerden von Rechtsverletzungen werden wir derartige Inhalte umgehend entfernen.<\/p>\n\n\n\n<p>Links zur Website des Anbieters sind jederzeit willkommen und bed\u00fcrfen  keiner Zustimmung durch den Anbieter der Website. Die Darstellung dieser  Website in fremden Frames ist nur mit Erlaubnis zul\u00e4ssig. <\/p>\n","protected":false},"excerpt":{"rendered":"<p>Angaben gem\u00e4\u00df \u00a7 5 Telemediengesetz (TMG): Dieses Internetangebot wird unterhalten von PRO Wal- und W\u00fcsteberg e.V.Landstra\u00dfe 28OT Schwosdorf01917 Kamenz Inhaltlich Verantwortlicher: Falk R\u00fcmmler Kontakt: E-Mail: webmaster@wal-wueste-berg.de Steuernummer: 213\/143\/10222 Registereintrag: Eintragung im Vereinsregister. Registergericht: Amtsgericht Dresden Registernummer: VR 8724 Hosting:STRATO AGPascalstra\u00dfe 1010587 Berlin Haftungsausschluss Haftung f\u00fcr Inhalte Als Diensteanbieter sind wir gem\u00e4\u00df \u00a7 7 Abs.1 TMG&#8230;<\/p>\n","protected":false},"author":1,"featured_media":0,"parent":0,"menu_order":0,"comment_status":"closed","ping_status":"closed","template":"","meta":{"footnotes":""},"class_list":["post-19","page","type-page","status-publish","hentry"],"_links":{"self":[{"href":"https:\/\/wal-wueste-berg.de\/index.php?rest_route=\/wp\/v2\/pages\/19","targetHints":{"allow":["GET"]}}],"collection":[{"href":"https:\/\/wal-wueste-berg.de\/index.php?rest_route=\/wp\/v2\/pages"}],"about":[{"href":"https:\/\/wal-wueste-berg.de\/index.php?rest_route=\/wp\/v2\/types\/page"}],"author":[{"embeddable":true,"href":"https:\/\/wal-wueste-berg.de\/index.php?rest_route=\/wp\/v2\/users\/1"}],"replies":[{"embeddable":true,"href":"https:\/\/wal-wueste-berg.de\/index.php?rest_route=%2Fwp%2Fv2%2Fcomments&post=19"}],"version-history":[{"count":12,"href":"https:\/\/wal-wueste-berg.de\/index.php?rest_route=\/wp\/v2\/pages\/19\/revisions"}],"predecessor-version":[{"id":104,"href":"https:\/\/wal-wueste-berg.de\/index.php?rest_route=\/wp\/v2\/pages\/19\/revisions\/104"}],"wp:attachment":[{"href":"https:\/\/wal-wueste-berg.de\/index.php?rest_route=%2Fwp%2Fv2%2Fmedia&parent=19"}],"curies":[{"name":"wp","href":"https:\/\/api.w.org\/{rel}","templated":true}]}}